{"id":191,"date":"2026-03-22T15:56:01","date_gmt":"2026-03-22T15:56:01","guid":{"rendered":"https:\/\/tcgn.store\/?page_id=191"},"modified":"2026-03-22T15:56:03","modified_gmt":"2026-03-22T15:56:03","slug":"metody-platnosci","status":"publish","type":"page","link":"https:\/\/tcgn.store\/?page_id=191","title":{"rendered":"Metody p\u0142atno\u015bci"},"content":{"rendered":"\n<p>Staramy si\u0119, aby\u015bcie mieli dost\u0119p do jak najwi\u0119kszej liczby i jak najwygodniejszych form p\u0142atno\u015bci. P\u0142atno\u015bci w naszym sklepie s\u0105 w pe\u0142ni bezpieczne, szyfrowane i u\u017cywaj\u0105 certyfikatu SSL.&nbsp;<\/p>\n\n\n\n<p>Dost\u0119pne formy p\u0142atno\u015bci obejmuj\u0105 m. in.:<\/p>\n\n\n\n<ul class=\"wp-block-list\">\n<li>Przelew tradycyjny na nasze konto bankowe (podawane w wiadomo\u015bci e-mail po z\u0142o\u017ceniu zam\u00f3wienia)<\/li>\n\n\n\n<li>BLIK<\/li>\n\n\n\n<li>P\u0142atno\u015b\u0107 kart\u0105<\/li>\n\n\n\n<li>Przelew natychmiastowy<\/li>\n<\/ul>\n\n\n\n<p>P\u0142atno\u015bci realizujemy przy pomocy platformy Przelewy24.<\/p>\n\n\n\n<div class=\"wp-block-columns is-layout-flex wp-container-core-columns-is-layout-28f84493 wp-block-columns-is-layout-flex\">\n<div class=\"wp-block-column is-layout-flow wp-block-column-is-layout-flow\">\n<figure class=\"wp-block-image size-full is-resized\"><img loading=\"lazy\" decoding=\"async\" width=\"1000\" height=\"350\" src=\"https:\/\/tcgn.store\/wp-content\/uploads\/2026\/02\/Przelewy24_logo.png\" alt=\"\" class=\"wp-image-199\" style=\"aspect-ratio:2.8573277256551277;width:217px;height:auto\" srcset=\"https:\/\/tcgn.store\/wp-content\/uploads\/2026\/02\/Przelewy24_logo.png 1000w, https:\/\/tcgn.store\/wp-content\/uploads\/2026\/02\/Przelewy24_logo-600x210.png 600w, https:\/\/tcgn.store\/wp-content\/uploads\/2026\/02\/Przelewy24_logo-300x105.png 300w, https:\/\/tcgn.store\/wp-content\/uploads\/2026\/02\/Przelewy24_logo-768x269.png 768w\" sizes=\"auto, (max-width: 1000px) 100vw, 1000px\" \/><\/figure>\n<\/div>\n\n\n\n<div class=\"wp-block-column is-layout-flow wp-block-column-is-layout-flow\">\n<figure class=\"wp-block-image size-large is-resized\"><img loading=\"lazy\" decoding=\"async\" width=\"1024\" height=\"485\" src=\"https:\/\/tcgn.store\/wp-content\/uploads\/2026\/02\/Blik_logo-1024x485.png\" alt=\"\" class=\"wp-image-197\" style=\"aspect-ratio:2.111403299067655;width:158px;height:auto\" srcset=\"https:\/\/tcgn.store\/wp-content\/uploads\/2026\/02\/Blik_logo-1024x485.png 1024w, https:\/\/tcgn.store\/wp-content\/uploads\/2026\/02\/Blik_logo-600x284.png 600w, https:\/\/tcgn.store\/wp-content\/uploads\/2026\/02\/Blik_logo-300x142.png 300w, https:\/\/tcgn.store\/wp-content\/uploads\/2026\/02\/Blik_logo-768x364.png 768w, https:\/\/tcgn.store\/wp-content\/uploads\/2026\/02\/Blik_logo.png 1200w\" sizes=\"auto, (max-width: 1024px) 100vw, 1024px\" \/><\/figure>\n<\/div>\n\n\n\n<div class=\"wp-block-column is-layout-flow wp-block-column-is-layout-flow\"><\/div>\n<\/div>\n\n\n\n<p><\/p>\n","protected":false},"excerpt":{"rendered":"<p>Staramy si\u0119, aby\u015bcie mieli dost\u0119p do jak najwi\u0119kszej liczby i jak najwygodniejszych form p\u0142atno\u015bci. P\u0142atno\u015bci w naszym sklepie s\u0105 w pe\u0142ni bezpieczne, szyfrowane i u\u017cywaj\u0105 certyfikatu SSL.&nbsp; Dost\u0119pne formy p\u0142atno\u015bci obejmuj\u0105 m. in.: P\u0142atno\u015bci realizujemy przy pomocy platformy Przelewy24.<\/p>\n","protected":false},"author":1,"featured_media":0,"parent":21,"menu_order":0,"comment_status":"closed","ping_status":"closed","template":"","meta":{"_themeisle_gutenberg_block_has_review":false,"footnotes":""},"class_list":["post-191","page","type-page","status-publish","hentry"],"blocksy_meta":[],"yoast_head":"<!-- This site is optimized with the Yoast SEO plugin v27.4 - https:\/\/yoast.com\/product\/yoast-seo-wordpress\/ -->\n<title>Metody p\u0142atno\u015bci - TCGN Store<\/title>\n<meta name=\"robots\" content=\"index, follow, max-snippet:-1, max-image-preview:large, max-video-preview:-1\" \/>\n<link rel=\"canonical\" href=\"https:\/\/tcgn.store\/?page_id=191\" \/>\n<meta property=\"og:locale\" content=\"pl_PL\" \/>\n<meta property=\"og:type\" content=\"article\" \/>\n<meta property=\"og:title\" content=\"Metody p\u0142atno\u015bci - TCGN Store\" \/>\n<meta property=\"og:description\" content=\"Staramy si\u0119, aby\u015bcie mieli dost\u0119p do jak najwi\u0119kszej liczby i jak najwygodniejszych form p\u0142atno\u015bci. P\u0142atno\u015bci w naszym sklepie s\u0105 w pe\u0142ni bezpieczne, szyfrowane i u\u017cywaj\u0105 certyfikatu SSL.&nbsp; Dost\u0119pne formy p\u0142atno\u015bci obejmuj\u0105 m. in.: P\u0142atno\u015bci realizujemy przy pomocy platformy Przelewy24.\" \/>\n<meta property=\"og:url\" content=\"https:\/\/tcgn.store\/?page_id=191\" \/>\n<meta property=\"og:site_name\" content=\"TCGN Store\" \/>\n<meta property=\"article:modified_time\" content=\"2026-03-22T15:56:03+00:00\" \/>\n<meta property=\"og:image\" content=\"https:\/\/tcgn.store\/wp-content\/uploads\/2026\/02\/Przelewy24_logo.png\" \/>\n\t<meta property=\"og:image:width\" content=\"1000\" \/>\n\t<meta property=\"og:image:height\" content=\"350\" \/>\n\t<meta property=\"og:image:type\" content=\"image\/png\" \/>\n<meta name=\"twitter:card\" content=\"summary_large_image\" \/>\n<meta name=\"twitter:label1\" content=\"Szacowany czas czytania\" \/>\n\t<meta name=\"twitter:data1\" content=\"1 minuta\" \/>\n<script type=\"application\/ld+json\" class=\"yoast-schema-graph\">{\"@context\":\"https:\\\/\\\/schema.org\",\"@graph\":[{\"@type\":\"WebPage\",\"@id\":\"https:\\\/\\\/tcgn.store\\\/?page_id=191\",\"url\":\"https:\\\/\\\/tcgn.store\\\/?page_id=191\",\"name\":\"Metody p\u0142atno\u015bci - TCGN Store\",\"isPartOf\":{\"@id\":\"https:\\\/\\\/tcgn.store\\\/#website\"},\"primaryImageOfPage\":{\"@id\":\"https:\\\/\\\/tcgn.store\\\/?page_id=191#primaryimage\"},\"image\":{\"@id\":\"https:\\\/\\\/tcgn.store\\\/?page_id=191#primaryimage\"},\"thumbnailUrl\":\"https:\\\/\\\/tcgn.store\\\/wp-content\\\/uploads\\\/2026\\\/02\\\/Przelewy24_logo.png\",\"datePublished\":\"2026-03-22T15:56:01+00:00\",\"dateModified\":\"2026-03-22T15:56:03+00:00\",\"breadcrumb\":{\"@id\":\"https:\\\/\\\/tcgn.store\\\/?page_id=191#breadcrumb\"},\"inLanguage\":\"pl-PL\",\"potentialAction\":[{\"@type\":\"ReadAction\",\"target\":[\"https:\\\/\\\/tcgn.store\\\/?page_id=191\"]}]},{\"@type\":\"ImageObject\",\"inLanguage\":\"pl-PL\",\"@id\":\"https:\\\/\\\/tcgn.store\\\/?page_id=191#primaryimage\",\"url\":\"https:\\\/\\\/tcgn.store\\\/wp-content\\\/uploads\\\/2026\\\/02\\\/Przelewy24_logo.png\",\"contentUrl\":\"https:\\\/\\\/tcgn.store\\\/wp-content\\\/uploads\\\/2026\\\/02\\\/Przelewy24_logo.png\",\"width\":1000,\"height\":350},{\"@type\":\"BreadcrumbList\",\"@id\":\"https:\\\/\\\/tcgn.store\\\/?page_id=191#breadcrumb\",\"itemListElement\":[{\"@type\":\"ListItem\",\"position\":1,\"name\":\"Strona g\u0142\u00f3wna\",\"item\":\"https:\\\/\\\/tcgn.store\\\/\"},{\"@type\":\"ListItem\",\"position\":2,\"name\":\"Sklep\",\"item\":\"https:\\\/\\\/tcgn.store\\\/?page_id=21\"},{\"@type\":\"ListItem\",\"position\":3,\"name\":\"Metody p\u0142atno\u015bci\"}]},{\"@type\":\"WebSite\",\"@id\":\"https:\\\/\\\/tcgn.store\\\/#website\",\"url\":\"https:\\\/\\\/tcgn.store\\\/\",\"name\":\"TCGN Store\",\"description\":\"Oficjalny sklep TCGN\",\"potentialAction\":[{\"@type\":\"SearchAction\",\"target\":{\"@type\":\"EntryPoint\",\"urlTemplate\":\"https:\\\/\\\/tcgn.store\\\/?s={search_term_string}\"},\"query-input\":{\"@type\":\"PropertyValueSpecification\",\"valueRequired\":true,\"valueName\":\"search_term_string\"}}],\"inLanguage\":\"pl-PL\"}]}<\/script>\n<!-- \/ Yoast SEO plugin. -->","yoast_head_json":{"title":"Metody p\u0142atno\u015bci - TCGN Store","robots":{"index":"index","follow":"follow","max-snippet":"max-snippet:-1","max-image-preview":"max-image-preview:large","max-video-preview":"max-video-preview:-1"},"canonical":"https:\/\/tcgn.store\/?page_id=191","og_locale":"pl_PL","og_type":"article","og_title":"Metody p\u0142atno\u015bci - TCGN Store","og_description":"Staramy si\u0119, aby\u015bcie mieli dost\u0119p do jak najwi\u0119kszej liczby i jak najwygodniejszych form p\u0142atno\u015bci. P\u0142atno\u015bci w naszym sklepie s\u0105 w pe\u0142ni bezpieczne, szyfrowane i u\u017cywaj\u0105 certyfikatu SSL.&nbsp; Dost\u0119pne formy p\u0142atno\u015bci obejmuj\u0105 m. in.: P\u0142atno\u015bci realizujemy przy pomocy platformy Przelewy24.","og_url":"https:\/\/tcgn.store\/?page_id=191","og_site_name":"TCGN Store","article_modified_time":"2026-03-22T15:56:03+00:00","og_image":[{"width":1000,"height":350,"url":"https:\/\/tcgn.store\/wp-content\/uploads\/2026\/02\/Przelewy24_logo.png","type":"image\/png"}],"twitter_card":"summary_large_image","twitter_misc":{"Szacowany czas czytania":"1 minuta"},"schema":{"@context":"https:\/\/schema.org","@graph":[{"@type":"WebPage","@id":"https:\/\/tcgn.store\/?page_id=191","url":"https:\/\/tcgn.store\/?page_id=191","name":"Metody p\u0142atno\u015bci - TCGN Store","isPartOf":{"@id":"https:\/\/tcgn.store\/#website"},"primaryImageOfPage":{"@id":"https:\/\/tcgn.store\/?page_id=191#primaryimage"},"image":{"@id":"https:\/\/tcgn.store\/?page_id=191#primaryimage"},"thumbnailUrl":"https:\/\/tcgn.store\/wp-content\/uploads\/2026\/02\/Przelewy24_logo.png","datePublished":"2026-03-22T15:56:01+00:00","dateModified":"2026-03-22T15:56:03+00:00","breadcrumb":{"@id":"https:\/\/tcgn.store\/?page_id=191#breadcrumb"},"inLanguage":"pl-PL","potentialAction":[{"@type":"ReadAction","target":["https:\/\/tcgn.store\/?page_id=191"]}]},{"@type":"ImageObject","inLanguage":"pl-PL","@id":"https:\/\/tcgn.store\/?page_id=191#primaryimage","url":"https:\/\/tcgn.store\/wp-content\/uploads\/2026\/02\/Przelewy24_logo.png","contentUrl":"https:\/\/tcgn.store\/wp-content\/uploads\/2026\/02\/Przelewy24_logo.png","width":1000,"height":350},{"@type":"BreadcrumbList","@id":"https:\/\/tcgn.store\/?page_id=191#breadcrumb","itemListElement":[{"@type":"ListItem","position":1,"name":"Strona g\u0142\u00f3wna","item":"https:\/\/tcgn.store\/"},{"@type":"ListItem","position":2,"name":"Sklep","item":"https:\/\/tcgn.store\/?page_id=21"},{"@type":"ListItem","position":3,"name":"Metody p\u0142atno\u015bci"}]},{"@type":"WebSite","@id":"https:\/\/tcgn.store\/#website","url":"https:\/\/tcgn.store\/","name":"TCGN Store","description":"Oficjalny sklep TCGN","potentialAction":[{"@type":"SearchAction","target":{"@type":"EntryPoint","urlTemplate":"https:\/\/tcgn.store\/?s={search_term_string}"},"query-input":{"@type":"PropertyValueSpecification","valueRequired":true,"valueName":"search_term_string"}}],"inLanguage":"pl-PL"}]}},"_hostinger_reach_plugin_has_subscription_block":false,"_hostinger_reach_plugin_is_elementor":false,"jetpack_sharing_enabled":true,"_links":{"self":[{"href":"https:\/\/tcgn.store\/index.php?rest_route=\/wp\/v2\/pages\/191","targetHints":{"allow":["GET"]}}],"collection":[{"href":"https:\/\/tcgn.store\/index.php?rest_route=\/wp\/v2\/pages"}],"about":[{"href":"https:\/\/tcgn.store\/index.php?rest_route=\/wp\/v2\/types\/page"}],"author":[{"embeddable":true,"href":"https:\/\/tcgn.store\/index.php?rest_route=\/wp\/v2\/users\/1"}],"replies":[{"embeddable":true,"href":"https:\/\/tcgn.store\/index.php?rest_route=%2Fwp%2Fv2%2Fcomments&post=191"}],"version-history":[{"count":4,"href":"https:\/\/tcgn.store\/index.php?rest_route=\/wp\/v2\/pages\/191\/revisions"}],"predecessor-version":[{"id":298,"href":"https:\/\/tcgn.store\/index.php?rest_route=\/wp\/v2\/pages\/191\/revisions\/298"}],"up":[{"embeddable":true,"href":"https:\/\/tcgn.store\/index.php?rest_route=\/wp\/v2\/pages\/21"}],"wp:attachment":[{"href":"https:\/\/tcgn.store\/index.php?rest_route=%2Fwp%2Fv2%2Fmedia&parent=191"}],"curies":[{"name":"wp","href":"https:\/\/api.w.org\/{rel}","templated":true}]}}