{"id":194,"date":"2026-03-08T14:50:37","date_gmt":"2026-03-08T14:50:37","guid":{"rendered":"https:\/\/tcgn.store\/?page_id=194"},"modified":"2026-04-04T12:37:12","modified_gmt":"2026-04-04T12:37:12","slug":"czas-realizacji-zamowienia","status":"publish","type":"page","link":"https:\/\/tcgn.store\/?page_id=194","title":{"rendered":"Czas realizacji zam\u00f3wienia"},"content":{"rendered":"\n<p>Zam\u00f3wienia staramy si\u0119 realizowa\u0107 najszybciej, jak tylko mo\u017cemy. W przypadku produkt\u00f3w prefabrykowanych, dost\u0119pnych w naszym sklepie czas realizacji zam\u00f3wienia wynosi <strong>do 3 dni roboczych<\/strong> (ale staramy si\u0119 wysy\u0142a\u0107 paczki w nast\u0119pnym dniu roboczym po z\u0142o\u017ceniu zam\u00f3wienia, w przypadku zam\u00f3wie\u0144 z\u0142o\u017conych do godziny 12:00) &#8211; chyba, \u017ce na stronie produktu podano inaczej.<\/p>\n\n\n\n<p>W przypadku zam\u00f3wienia personalizowanego produktu TCGN, czas realizacji zam\u00f3wienia mo\u017ce wynie\u015b\u0107 <strong>do 15 dni roboczych<\/strong> (je\u017celi chcesz otrzyma\u0107 zam\u00f3wienie szybciej, skontaktuj si\u0119 z nami &#8211; zrobimy co mo\u017cemy, \u017ceby przyspieszy\u0107 realizacj\u0119!).<\/p>\n\n\n\n<p>Zam\u00f3wienie uwa\u017camy za zrealizowane w momencie przekazania paczki przewo\u017anikowi.<\/p>\n","protected":false},"excerpt":{"rendered":"<p>Zam\u00f3wienia staramy si\u0119 realizowa\u0107 najszybciej, jak tylko mo\u017cemy. W przypadku produkt\u00f3w prefabrykowanych, dost\u0119pnych w naszym sklepie czas realizacji zam\u00f3wienia wynosi do 3 dni roboczych (ale staramy si\u0119 wysy\u0142a\u0107 paczki w nast\u0119pnym dniu roboczym po z\u0142o\u017ceniu zam\u00f3wienia, w przypadku zam\u00f3wie\u0144 z\u0142o\u017conych do godziny 12:00) &#8211; chyba, \u017ce na stronie produktu podano inaczej. W przypadku zam\u00f3wienia personalizowanego [&hellip;]<\/p>\n","protected":false},"author":1,"featured_media":0,"parent":21,"menu_order":0,"comment_status":"closed","ping_status":"closed","template":"","meta":{"_themeisle_gutenberg_block_has_review":false,"footnotes":""},"class_list":["post-194","page","type-page","status-publish","hentry"],"blocksy_meta":[],"yoast_head":"<!-- This site is optimized with the Yoast SEO plugin v27.4 - https:\/\/yoast.com\/product\/yoast-seo-wordpress\/ -->\n<title>Czas realizacji zam\u00f3wienia - TCGN Store<\/title>\n<meta name=\"robots\" content=\"index, follow, max-snippet:-1, max-image-preview:large, max-video-preview:-1\" \/>\n<link rel=\"canonical\" href=\"https:\/\/tcgn.store\/?page_id=194\" \/>\n<meta property=\"og:locale\" content=\"pl_PL\" \/>\n<meta property=\"og:type\" content=\"article\" \/>\n<meta property=\"og:title\" content=\"Czas realizacji zam\u00f3wienia - TCGN Store\" \/>\n<meta property=\"og:description\" content=\"Zam\u00f3wienia staramy si\u0119 realizowa\u0107 najszybciej, jak tylko mo\u017cemy. W przypadku produkt\u00f3w prefabrykowanych, dost\u0119pnych w naszym sklepie czas realizacji zam\u00f3wienia wynosi do 3 dni roboczych (ale staramy si\u0119 wysy\u0142a\u0107 paczki w nast\u0119pnym dniu roboczym po z\u0142o\u017ceniu zam\u00f3wienia, w przypadku zam\u00f3wie\u0144 z\u0142o\u017conych do godziny 12:00) &#8211; chyba, \u017ce na stronie produktu podano inaczej. W przypadku zam\u00f3wienia personalizowanego [&hellip;]\" \/>\n<meta property=\"og:url\" content=\"https:\/\/tcgn.store\/?page_id=194\" \/>\n<meta property=\"og:site_name\" content=\"TCGN Store\" \/>\n<meta property=\"article:modified_time\" content=\"2026-04-04T12:37:12+00:00\" \/>\n<meta name=\"twitter:card\" content=\"summary_large_image\" \/>\n<meta name=\"twitter:label1\" content=\"Szacowany czas czytania\" \/>\n\t<meta name=\"twitter:data1\" content=\"1 minuta\" \/>\n<script type=\"application\/ld+json\" class=\"yoast-schema-graph\">{\"@context\":\"https:\\\/\\\/schema.org\",\"@graph\":[{\"@type\":\"WebPage\",\"@id\":\"https:\\\/\\\/tcgn.store\\\/?page_id=194\",\"url\":\"https:\\\/\\\/tcgn.store\\\/?page_id=194\",\"name\":\"Czas realizacji zam\u00f3wienia - TCGN Store\",\"isPartOf\":{\"@id\":\"https:\\\/\\\/tcgn.store\\\/#website\"},\"datePublished\":\"2026-03-08T14:50:37+00:00\",\"dateModified\":\"2026-04-04T12:37:12+00:00\",\"breadcrumb\":{\"@id\":\"https:\\\/\\\/tcgn.store\\\/?page_id=194#breadcrumb\"},\"inLanguage\":\"pl-PL\",\"potentialAction\":[{\"@type\":\"ReadAction\",\"target\":[\"https:\\\/\\\/tcgn.store\\\/?page_id=194\"]}]},{\"@type\":\"BreadcrumbList\",\"@id\":\"https:\\\/\\\/tcgn.store\\\/?page_id=194#breadcrumb\",\"itemListElement\":[{\"@type\":\"ListItem\",\"position\":1,\"name\":\"Strona g\u0142\u00f3wna\",\"item\":\"https:\\\/\\\/tcgn.store\\\/\"},{\"@type\":\"ListItem\",\"position\":2,\"name\":\"Sklep\",\"item\":\"https:\\\/\\\/tcgn.store\\\/?page_id=21\"},{\"@type\":\"ListItem\",\"position\":3,\"name\":\"Czas realizacji zam\u00f3wienia\"}]},{\"@type\":\"WebSite\",\"@id\":\"https:\\\/\\\/tcgn.store\\\/#website\",\"url\":\"https:\\\/\\\/tcgn.store\\\/\",\"name\":\"TCGN Store\",\"description\":\"Oficjalny sklep TCGN\",\"potentialAction\":[{\"@type\":\"SearchAction\",\"target\":{\"@type\":\"EntryPoint\",\"urlTemplate\":\"https:\\\/\\\/tcgn.store\\\/?s={search_term_string}\"},\"query-input\":{\"@type\":\"PropertyValueSpecification\",\"valueRequired\":true,\"valueName\":\"search_term_string\"}}],\"inLanguage\":\"pl-PL\"}]}<\/script>\n<!-- \/ Yoast SEO plugin. -->","yoast_head_json":{"title":"Czas realizacji zam\u00f3wienia - TCGN Store","robots":{"index":"index","follow":"follow","max-snippet":"max-snippet:-1","max-image-preview":"max-image-preview:large","max-video-preview":"max-video-preview:-1"},"canonical":"https:\/\/tcgn.store\/?page_id=194","og_locale":"pl_PL","og_type":"article","og_title":"Czas realizacji zam\u00f3wienia - TCGN Store","og_description":"Zam\u00f3wienia staramy si\u0119 realizowa\u0107 najszybciej, jak tylko mo\u017cemy. W przypadku produkt\u00f3w prefabrykowanych, dost\u0119pnych w naszym sklepie czas realizacji zam\u00f3wienia wynosi do 3 dni roboczych (ale staramy si\u0119 wysy\u0142a\u0107 paczki w nast\u0119pnym dniu roboczym po z\u0142o\u017ceniu zam\u00f3wienia, w przypadku zam\u00f3wie\u0144 z\u0142o\u017conych do godziny 12:00) &#8211; chyba, \u017ce na stronie produktu podano inaczej. W przypadku zam\u00f3wienia personalizowanego [&hellip;]","og_url":"https:\/\/tcgn.store\/?page_id=194","og_site_name":"TCGN Store","article_modified_time":"2026-04-04T12:37:12+00:00","twitter_card":"summary_large_image","twitter_misc":{"Szacowany czas czytania":"1 minuta"},"schema":{"@context":"https:\/\/schema.org","@graph":[{"@type":"WebPage","@id":"https:\/\/tcgn.store\/?page_id=194","url":"https:\/\/tcgn.store\/?page_id=194","name":"Czas realizacji zam\u00f3wienia - TCGN Store","isPartOf":{"@id":"https:\/\/tcgn.store\/#website"},"datePublished":"2026-03-08T14:50:37+00:00","dateModified":"2026-04-04T12:37:12+00:00","breadcrumb":{"@id":"https:\/\/tcgn.store\/?page_id=194#breadcrumb"},"inLanguage":"pl-PL","potentialAction":[{"@type":"ReadAction","target":["https:\/\/tcgn.store\/?page_id=194"]}]},{"@type":"BreadcrumbList","@id":"https:\/\/tcgn.store\/?page_id=194#breadcrumb","itemListElement":[{"@type":"ListItem","position":1,"name":"Strona g\u0142\u00f3wna","item":"https:\/\/tcgn.store\/"},{"@type":"ListItem","position":2,"name":"Sklep","item":"https:\/\/tcgn.store\/?page_id=21"},{"@type":"ListItem","position":3,"name":"Czas realizacji zam\u00f3wienia"}]},{"@type":"WebSite","@id":"https:\/\/tcgn.store\/#website","url":"https:\/\/tcgn.store\/","name":"TCGN Store","description":"Oficjalny sklep TCGN","potentialAction":[{"@type":"SearchAction","target":{"@type":"EntryPoint","urlTemplate":"https:\/\/tcgn.store\/?s={search_term_string}"},"query-input":{"@type":"PropertyValueSpecification","valueRequired":true,"valueName":"search_term_string"}}],"inLanguage":"pl-PL"}]}},"_hostinger_reach_plugin_has_subscription_block":false,"_hostinger_reach_plugin_is_elementor":false,"jetpack_sharing_enabled":true,"_links":{"self":[{"href":"https:\/\/tcgn.store\/index.php?rest_route=\/wp\/v2\/pages\/194","targetHints":{"allow":["GET"]}}],"collection":[{"href":"https:\/\/tcgn.store\/index.php?rest_route=\/wp\/v2\/pages"}],"about":[{"href":"https:\/\/tcgn.store\/index.php?rest_route=\/wp\/v2\/types\/page"}],"author":[{"embeddable":true,"href":"https:\/\/tcgn.store\/index.php?rest_route=\/wp\/v2\/users\/1"}],"replies":[{"embeddable":true,"href":"https:\/\/tcgn.store\/index.php?rest_route=%2Fwp%2Fv2%2Fcomments&post=194"}],"version-history":[{"count":2,"href":"https:\/\/tcgn.store\/index.php?rest_route=\/wp\/v2\/pages\/194\/revisions"}],"predecessor-version":[{"id":352,"href":"https:\/\/tcgn.store\/index.php?rest_route=\/wp\/v2\/pages\/194\/revisions\/352"}],"up":[{"embeddable":true,"href":"https:\/\/tcgn.store\/index.php?rest_route=\/wp\/v2\/pages\/21"}],"wp:attachment":[{"href":"https:\/\/tcgn.store\/index.php?rest_route=%2Fwp%2Fv2%2Fmedia&parent=194"}],"curies":[{"name":"wp","href":"https:\/\/api.w.org\/{rel}","templated":true}]}}