{"id":23,"date":"2025-12-05T21:05:02","date_gmt":"2025-12-05T21:05:02","guid":{"rendered":"https:\/\/tcgn.store\/about\/"},"modified":"2026-04-08T18:41:03","modified_gmt":"2026-04-08T18:41:03","slug":"o-nas","status":"publish","type":"page","link":"https:\/\/tcgn.store\/?page_id=23","title":{"rendered":"O nas"},"content":{"rendered":"\n<div class=\"wp-block-group alignwide hostinger-ai-fade-up is-layout-constrained wp-block-group-is-layout-constrained\" style=\"padding-top:30px;padding-bottom:30px\">\n<div class=\"wp-block-group alignwide hostinger-ai-fade-up is-nowrap is-layout-flex wp-container-core-group-is-layout-3861760c wp-block-group-is-layout-flex\" style=\"margin-bottom:0\">\n<div class=\"wp-block-columns is-layout-flex wp-container-core-columns-is-layout-28f84493 wp-block-columns-is-layout-flex\">\n<div class=\"wp-block-column is-layout-flow wp-block-column-is-layout-flow\" style=\"flex-basis:50%\">\n<h2 class=\"wp-block-heading hostinger-ai-title has-x-large-font-size\" style=\"margin-bottom:0\">Kr\u00f3tko o nas<\/h2>\n<\/div>\n\n\n\n<div class=\"wp-block-column is-vertically-aligned-center has-small-font-size is-layout-constrained wp-block-column-is-layout-constrained\" style=\"flex-basis:50%\">\n<p class=\"hostinger-ai-description has-medium-font-size\">Cze\u015b\u0107! Tu Dezy i Motyl, sklep TCGN stworzyli\u015bmy, \u017ceby\u015bcie mogli skorzysta\u0107 z mo\u017cliwo\u015bci zakupu produkt\u00f3w Pok\u00e9mon TCG, Bluthelden, Naruto Mythos TCG, Hot Wheels oraz wielu innych marek w jak najlepszych cenach. Kupuj\u0105c u nas wspieracie nasz\u0105 dzia\u0142alno\u015b\u0107 na Discordzie, stronie internetowej tcgn.pl oraz na naszym kanale YT.<\/p>\n<\/div>\n<\/div>\n<\/div>\n<\/div>\n\n\n\n<div class=\"wp-block-group alignfull hostinger-ai-resume-1 hostinger-ai-fade-up is-layout-constrained wp-block-group-is-layout-constrained\">\n<div class=\"wp-block-group alignwide hostinger-ai-fade-up is-layout-flow wp-block-group-is-layout-flow\" style=\"padding-top:var(--wp--preset--spacing--60);padding-bottom:var(--wp--preset--spacing--60)\">\n<div class=\"wp-block-columns is-layout-flex wp-container-core-columns-is-layout-783b4be3 wp-block-columns-is-layout-flex\" style=\"margin-bottom:var(--wp--preset--spacing--60)\">\n<div class=\"wp-block-column is-layout-flow wp-block-column-is-layout-flow\">\n<h2 class=\"wp-block-heading hostinger-ai-title has-dark-color has-text-color has-link-color has-x-large-font-size wp-elements-7563b2dd04b8bf86d809335320a72532\" style=\"margin-bottom:var(--wp--preset--spacing--20)\">Nasze pocz\u0105tki<\/h2>\n<\/div>\n\n\n\n<div class=\"wp-block-column is-layout-flow wp-block-column-is-layout-flow\">\n<p class=\"hostinger-ai-description has-dark-color has-text-color has-link-color has-medium-font-size wp-elements-51efe547086fe8eb5126dd720675e1a4\" style=\"margin-top:0;margin-bottom:var(--wp--preset--spacing--70)\">TCGN powsta\u0142o jako kana\u0142 na YouTube &#8211; z pasji Dezego i Motyla do Pok\u00e9mon TCG, kt\u00f3ra w p\u00f3\u017aniejszym czasie przerodzi\u0142a si\u0119 we wspania\u0142\u0105 spo\u0142eczno\u015b\u0107 na Discordzie, skupion\u0105 wok\u00f3\u0142 nie tylko Pok\u00e9mon TCG, ale r\u00f3wnie\u017c wielu innych karcianek takich jak: One Piece i Magic The Gathering. P\u00f3\u017aniej Dezy zacz\u0105\u0142 na YouTube oraz na Discordzie realizowa\u0107 r\u00f3wnie\u017c swoj\u0105 pasj\u0119 do Hot Wheels &#8211; st\u0105d to ciekawe po\u0142\u0105czenie Pok\u00e9mon TCG oraz Hot Wheels u nas na kanale i w sklepie.<\/p>\n<\/div>\n<\/div>\n\n\n\n<div class=\"wp-block-columns is-layout-flex wp-container-core-columns-is-layout-28f84493 wp-block-columns-is-layout-flex\">\n<div class=\"wp-block-column is-layout-flow wp-block-column-is-layout-flow\">\n<h2 class=\"wp-block-heading hostinger-ai-title hostinger-index-1 has-dark-color has-text-color has-link-color has-x-large-font-size wp-elements-cbfe462744a747b9ee0426ea0cc50037\" style=\"margin-bottom:var(--wp--preset--spacing--20)\">Nasza podr\u00f3\u017c<\/h2>\n<\/div>\n\n\n\n<div class=\"wp-block-column is-layout-flow wp-block-column-is-layout-flow\">\n<div class=\"wp-block-group hostinger-ai-fade-up is-layout-flow wp-block-group-is-layout-flow\" style=\"margin-bottom:var(--wp--preset--spacing--60)\">\n<p><\/p>\n<\/div>\n\n\n\n<div class=\"wp-block-group hostinger-ai-fade-up is-layout-flow wp-block-group-is-layout-flow\">\n<div id=\"wp-block-themeisle-blocks-timeline-5788024b\" class=\"wp-block-themeisle-blocks-timeline\"><div class=\"o-timeline-root\">\n<div id=\"wp-block-themeisle-blocks-timeline-item-71ecd56d\" class=\"wp-block-themeisle-blocks-timeline-item\"><div class=\"o-timeline-container\"><div class=\"o-timeline-icon\"><i class=\"fas fa-circle\"><\/i><\/div><div class=\"o-timeline-content\">\n<p class=\"has-small-font-size\">Listopad 2023 r.<\/p>\n\n\n\n<h3 class=\"wp-block-heading\">Za\u0142o\u017cenie <a href=\"https:\/\/www.youtube.com\/@TCGN-pl\/videos\" target=\"_blank\" rel=\"noreferrer noopener\">kana\u0142u na YouTube<\/a><\/h3>\n\n\n\n<p>Pierwsze zakupy Pok\u00e9mon TCG Dezego od wielu lat i pierwsze zakupy Pok\u00e9mon TCG Motyla w og\u00f3le! Zaczynali\u015bmy od opening\u00f3w&#8230; wielu opening\u00f3w.<\/p>\n<\/div><\/div><\/div>\n\n\n\n<div id=\"wp-block-themeisle-blocks-timeline-item-49be20b8\" class=\"wp-block-themeisle-blocks-timeline-item\"><div class=\"o-timeline-container\"><div class=\"o-timeline-icon\"><i class=\"fas fa-circle\"><\/i><\/div><div class=\"o-timeline-content\">\n<p class=\"has-small-font-size\">maj 2024 r.<\/p>\n\n\n\n<h3 class=\"wp-block-heading\">Za\u0142o\u017cenie strony <a href=\"http:\/\/tcgn.pl\" type=\"link\" id=\"tcgn.pl\" target=\"_blank\" rel=\"noreferrer noopener\">tcgn.pl<\/a><\/h3>\n\n\n\n<p>Pomys\u0142 Motyla, kt\u00f3ry przerodzi\u0142 si\u0119 we wspania\u0142e miejsce na wymian\u0119 do\u015bwiadcze\u0144, chwalenie si\u0119 kolekcjami i pasjonuj\u0105ce dyskusje.<\/p>\n<\/div><\/div><\/div>\n\n\n\n<div id=\"wp-block-themeisle-blocks-timeline-item-304292dd\" class=\"wp-block-themeisle-blocks-timeline-item\"><div class=\"o-timeline-container\"><div class=\"o-timeline-icon\"><i class=\"fas fa-circle\"><\/i><\/div><div class=\"o-timeline-content\">\n<p class=\"has-small-font-size\">czerwiec 2024 r.<\/p>\n\n\n\n<h3 class=\"wp-block-heading\">Powstanie serwera <a href=\"https:\/\/discord.gg\/GFSsjH4Ddn\" target=\"_blank\" rel=\"noreferrer noopener\">Discord<\/a><\/h3>\n\n\n\n<p>Pomys\u0142 Motyla, kt\u00f3ry przerodzi\u0142 si\u0119 we wspania\u0142e miejsce na wymian\u0119 do\u015bwiadcze\u0144, chwalenie si\u0119 kolekcjami i pasjonuj\u0105ce dyskusje.<\/p>\n<\/div><\/div><\/div>\n\n\n\n<div id=\"wp-block-themeisle-blocks-timeline-item-becaa768\" class=\"wp-block-themeisle-blocks-timeline-item\"><div class=\"o-timeline-container\"><div class=\"o-timeline-icon\"><i class=\"fas fa-circle\"><\/i><\/div><div class=\"o-timeline-content\">\n<p class=\"has-small-font-size\">listopad 2024 r.<\/p>\n\n\n\n<h3 class=\"wp-block-heading\">Pierwsze <a href=\"https:\/\/www.youtube.com\/playlist?list=PLlUnVd3eR4PmgsRcaiRjj1zRnRCUht-mA\" target=\"_blank\" rel=\"noreferrer noopener\">poradniki na YouTube<\/a><\/h3>\n\n\n\n<p>Rok po za\u0142o\u017ceniu kana\u0142u na YouTube, rozpocz\u0119li\u015bmy tworzenie materia\u0142\u00f3w, kt\u00f3re mia\u0142y na celu pomaga\u0107 naszej spo\u0142eczno\u015bci!<\/p>\n\n\n\n<p>Materia\u0142y rozrywkowe w postaci opening\u00f3w by\u0142y od teraz jedynie cz\u0119\u015bci\u0105, nie podstaw\u0105, naszego kana\u0142u.<\/p>\n<\/div><\/div><\/div>\n\n\n\n<div id=\"wp-block-themeisle-blocks-timeline-item-144ff533\" class=\"wp-block-themeisle-blocks-timeline-item\"><div class=\"o-timeline-container\"><div class=\"o-timeline-icon\"><i class=\"fas fa-circle\"><\/i><\/div><div class=\"o-timeline-content\">\n<p class=\"has-small-font-size\">marzec 2025 r.<\/p>\n\n\n\n<h3 class=\"wp-block-heading\">Za\u0142o\u017cenie TCGN Sp. z o.o.<\/h3>\n\n\n\n<p>Formalizacja naszej dzia\u0142alno\u015bci, kt\u00f3ra umo\u017cliwi\u0142a nam realizacj\u0119 wi\u0119kszych projekt\u00f3w i kt\u00f3ra doprowadzi\u0142a nas do miejsca, w kt\u00f3rym jeste\u015bmy dzisiaj.<\/p>\n<\/div><\/div><\/div>\n\n\n\n<div id=\"wp-block-themeisle-blocks-timeline-item-6dfd96ec\" class=\"wp-block-themeisle-blocks-timeline-item\"><div class=\"o-timeline-container\"><div class=\"o-timeline-icon\"><i class=\"fas fa-circle\"><\/i><\/div><div class=\"o-timeline-content\">\n<p class=\"has-small-font-size\">maj 2025 r.<\/p>\n\n\n\n<h3 class=\"wp-block-heading\">Pierwsze personalizowane produkty TCGN<\/h3>\n\n\n\n<p>Ruszy\u0142a sprzeda\u017c naszych pierwszych personalizowanych box\u00f3w i puszek TCGN, zawieraj\u0105cych karty i paczki Pok\u00e9mon TCG oraz Disney Lorcana.<\/p>\n\n\n\n<figure class=\"wp-block-embed is-type-video is-provider-youtube wp-block-embed-youtube wp-embed-aspect-16-9 wp-has-aspect-ratio\"><div class=\"wp-block-embed__wrapper\">\n<iframe loading=\"lazy\" title=\"Wielka premiera box\u00f3w TCGN. Pokemony, Lorcana....\" width=\"1290\" height=\"726\" src=\"https:\/\/www.youtube.com\/embed\/0_YcTa_3ig4?feature=oembed\" frameborder=\"0\" allow=\"accelerometer; autoplay; clipboard-write; encrypted-media; gyroscope; picture-in-picture; web-share\" referrerpolicy=\"strict-origin-when-cross-origin\" allowfullscreen><\/iframe>\n<\/div><\/figure>\n<\/div><\/div><\/div>\n\n\n\n<div id=\"wp-block-themeisle-blocks-timeline-item-33045bd2\" class=\"wp-block-themeisle-blocks-timeline-item\"><div class=\"o-timeline-container\"><div class=\"o-timeline-icon\"><i class=\"fas fa-circle\"><\/i><\/div><div class=\"o-timeline-content\">\n<p class=\"has-small-font-size\">czerwiec 2025 r.<\/p>\n\n\n\n<h3 class=\"wp-block-heading\">Zbi\u00f3rka na &#8222;malink\u0119&#8221; dla Discorda<\/h3>\n\n\n\n<p>Nasza pierwsza zbi\u00f3rka na Patronite! Dzi\u0119ki Wam, mogli\u015bmy kupi\u0107 tzw. &#8222;malink\u0119&#8221;, aby boty na naszym kanale Discord mog\u0142y dzia\u0142a\u0107! B\u0119dziemy Wam za to wdzi\u0119czni na zawsze!<\/p>\n\n\n\n<p>Dzi\u0119kujemy!<\/p>\n\n\n\n<figure class=\"wp-block-embed is-type-video is-provider-youtube wp-block-embed-youtube wp-embed-aspect-16-9 wp-has-aspect-ratio\"><div class=\"wp-block-embed__wrapper\">\n<iframe loading=\"lazy\" title=\"DZI\u0118KUJEMY! Podsumowanie zbi\u00f3rki na malink\u0119!\" width=\"1290\" height=\"726\" src=\"https:\/\/www.youtube.com\/embed\/iQsEle5GoPc?feature=oembed\" frameborder=\"0\" allow=\"accelerometer; autoplay; clipboard-write; encrypted-media; gyroscope; picture-in-picture; web-share\" referrerpolicy=\"strict-origin-when-cross-origin\" allowfullscreen><\/iframe>\n<\/div><\/figure>\n<\/div><\/div><\/div>\n\n\n\n<div id=\"wp-block-themeisle-blocks-timeline-item-d3dd4ca4\" class=\"wp-block-themeisle-blocks-timeline-item\"><div class=\"o-timeline-container\"><div class=\"o-timeline-icon\"><i class=\"fas fa-circle\"><\/i><\/div><div class=\"o-timeline-content\">\n<p class=\"has-small-font-size\">lipiec 2025 r.<\/p>\n\n\n\n<h3 class=\"wp-block-heading\">Pierwsze filmy o tematyce Hot Wheels na naszym kanale<\/h3>\n\n\n\n<p>Dezy postanowi\u0142 zacz\u0105\u0107 realizowa\u0107 swoj\u0105 pasj\u0119 do Hot Wheels nie tylko w swojej szafie ale r\u00f3wnie\u017c na naszym kanale na YouTube!<\/p>\n\n\n\n<p>Czy ma to sens? Tego nie wiemy, ale na pewno sprawia mu to du\u017co frajdy!<\/p>\n\n\n\n<figure class=\"wp-block-embed is-type-video is-provider-youtube wp-block-embed-youtube wp-embed-aspect-16-9 wp-has-aspect-ratio\"><div class=\"wp-block-embed__wrapper\">\n<iframe loading=\"lazy\" title=\"Hot Wheels - jak zacz\u0105\u0107 je kolekcjonowa\u0107? Rodzaje Hot Wheels\" width=\"1290\" height=\"726\" src=\"https:\/\/www.youtube.com\/embed\/Z-YPcP9cMl8?feature=oembed\" frameborder=\"0\" allow=\"accelerometer; autoplay; clipboard-write; encrypted-media; gyroscope; picture-in-picture; web-share\" referrerpolicy=\"strict-origin-when-cross-origin\" allowfullscreen><\/iframe>\n<\/div><\/figure>\n<\/div><\/div><\/div>\n\n\n\n<div id=\"wp-block-themeisle-blocks-timeline-item-95159e38\" class=\"wp-block-themeisle-blocks-timeline-item\"><div class=\"o-timeline-container\"><div class=\"o-timeline-icon\"><i class=\"fas fa-circle\"><\/i><\/div><div class=\"o-timeline-content\">\n<p class=\"has-small-font-size\">sierpie\u0144 2025 r.<\/p>\n\n\n\n<h3 class=\"wp-block-heading\">Pierwsze PCS jako TCGN<\/h3>\n\n\n\n<p>Nasza pierwsza wizyta na Polish Cards Show (PCS) jako TCGN!<\/p>\n\n\n\n<figure class=\"wp-block-embed is-type-video is-provider-youtube wp-block-embed-youtube wp-embed-aspect-16-9 wp-has-aspect-ratio\"><div class=\"wp-block-embed__wrapper\">\n<iframe loading=\"lazy\" title=\"Polish Card Show 2025 TCGN - ZWIASTUN\" width=\"1290\" height=\"726\" src=\"https:\/\/www.youtube.com\/embed\/02m8tK_Lnhs?feature=oembed\" frameborder=\"0\" allow=\"accelerometer; autoplay; clipboard-write; encrypted-media; gyroscope; picture-in-picture; web-share\" referrerpolicy=\"strict-origin-when-cross-origin\" allowfullscreen><\/iframe>\n<\/div><\/figure>\n<\/div><\/div><\/div>\n\n\n\n<div id=\"wp-block-themeisle-blocks-timeline-item-5410f5c5\" class=\"wp-block-themeisle-blocks-timeline-item\"><div class=\"o-timeline-container\"><div class=\"o-timeline-icon\"><i class=\"fas fa-circle\"><\/i><\/div><div class=\"o-timeline-content\">\n<p class=\"has-small-font-size\">wrzesie\u0144 2025 r.<\/p>\n\n\n\n<h3 class=\"wp-block-heading\">Wsp\u00f3\u0142praca z <a href=\"https:\/\/tcgn.pl\/strona-glowna\/bluthelden\/\" target=\"_blank\" rel=\"noreferrer noopener\">Bluthelden<\/a><\/h3>\n\n\n\n<p>Zostali\u015bmy oficjalnym sprzedawc\u0105 i dytrybutorem Bluthelden w Polsce!<\/p>\n<\/div><\/div><\/div>\n\n\n\n<div id=\"wp-block-themeisle-blocks-timeline-item-82271d4a\" class=\"wp-block-themeisle-blocks-timeline-item\"><div class=\"o-timeline-container\"><div class=\"o-timeline-icon\"><i class=\"fas fa-circle\"><\/i><\/div><div class=\"o-timeline-content\">\n<p class=\"has-small-font-size\">pa\u017adziernik 2025 r.<\/p>\n\n\n\n<h3 class=\"wp-block-heading\">Nasz pierwszy booster break<\/h3>\n\n\n\n<p>Nowy typ rozrywki na naszym kanale na YouTube. We wsp\u00f3\u0142pracy ze sklepem \u015awiat Kart zorganizowali\u015bmy naszego pierwszego booster breaka!<\/p>\n\n\n\n<p>PS. \u015awietnie si\u0119 przy tym bawili\u015bmy!<\/p>\n\n\n\n<figure class=\"wp-block-embed is-type-video is-provider-youtube wp-block-embed-youtube wp-embed-aspect-16-9 wp-has-aspect-ratio\"><div class=\"wp-block-embed__wrapper\">\n<iframe loading=\"lazy\" title=\"Nasz pierwszy booster break! Pokemon TCG i nie tylko!\" width=\"1290\" height=\"726\" src=\"https:\/\/www.youtube.com\/embed\/g0mp5_YBNMg?feature=oembed\" frameborder=\"0\" allow=\"accelerometer; autoplay; clipboard-write; encrypted-media; gyroscope; picture-in-picture; web-share\" referrerpolicy=\"strict-origin-when-cross-origin\" allowfullscreen><\/iframe>\n<\/div><\/figure>\n<\/div><\/div><\/div>\n\n\n\n<div id=\"wp-block-themeisle-blocks-timeline-item-3e1eb44e\" class=\"wp-block-themeisle-blocks-timeline-item\"><div class=\"o-timeline-container\"><div class=\"o-timeline-icon\"><i class=\"fas fa-circle\"><\/i><\/div><div class=\"o-timeline-content\">\n<p class=\"has-small-font-size\">kwiecie\u0144 2026 r.<\/p>\n\n\n\n<h3 class=\"wp-block-heading\">Otwarcie tcgn.store<\/h3>\n\n\n\n<p>Czas na nasz, p\u00f3ki co niewielki, sklep &#8211; stworzony dla Was, z my\u015bl\u0105 o dodatkowej formie wspierania naszej dzia\u0142alno\u015bci.<\/p>\n\n\n\n<p>Dzi\u0119kujemy za to, \u017ce korzystasz z naszego sklepu!<\/p>\n<\/div><\/div><\/div>\n<\/div><\/div>\n<\/div>\n<\/div>\n<\/div>\n<\/div>\n<\/div>\n\n\n\n<div class=\"wp-block-group alignfull hostinger-ai-gallery-5 hostinger-ai-fade-up is-layout-flow wp-block-group-is-layout-flow\">\n<div class=\"wp-block-group hostinger-ai-fade-up is-layout-constrained wp-block-group-is-layout-constrained\" style=\"margin-top:0;margin-bottom:var(--wp--preset--spacing--60)\"><\/div>\n<\/div>\n","protected":false},"excerpt":{"rendered":"<p>Kr\u00f3tko o nas Cze\u015b\u0107! Tu Dezy i Motyl, sklep TCGN stworzyli\u015bmy, \u017ceby\u015bcie mogli skorzysta\u0107 z mo\u017cliwo\u015bci zakupu produkt\u00f3w Pok\u00e9mon TCG, Bluthelden, Naruto Mythos TCG, Hot Wheels oraz wielu innych marek w jak najlepszych cenach. Kupuj\u0105c u nas wspieracie nasz\u0105 dzia\u0142alno\u015b\u0107 na Discordzie, stronie internetowej tcgn.pl oraz na naszym kanale YT. Nasze pocz\u0105tki TCGN powsta\u0142o jako [&hellip;]<\/p>\n","protected":false},"author":1,"featured_media":0,"parent":22,"menu_order":0,"comment_status":"closed","ping_status":"closed","template":"","meta":{"_themeisle_gutenberg_block_has_review":false,"footnotes":""},"class_list":["post-23","page","type-page","status-publish","hentry"],"blocksy_meta":[],"yoast_head":"<!-- This site is optimized with the Yoast SEO plugin v27.4 - https:\/\/yoast.com\/product\/yoast-seo-wordpress\/ -->\n<title>O nas - TCGN Store<\/title>\n<meta name=\"robots\" content=\"index, follow, max-snippet:-1, max-image-preview:large, max-video-preview:-1\" \/>\n<link rel=\"canonical\" href=\"https:\/\/tcgn.store\/?page_id=23\" \/>\n<meta property=\"og:locale\" content=\"pl_PL\" \/>\n<meta property=\"og:type\" content=\"article\" \/>\n<meta property=\"og:title\" content=\"O nas - TCGN Store\" \/>\n<meta property=\"og:description\" content=\"Kr\u00f3tko o nas Cze\u015b\u0107! Tu Dezy i Motyl, sklep TCGN stworzyli\u015bmy, \u017ceby\u015bcie mogli skorzysta\u0107 z mo\u017cliwo\u015bci zakupu produkt\u00f3w Pok\u00e9mon TCG, Bluthelden, Naruto Mythos TCG, Hot Wheels oraz wielu innych marek w jak najlepszych cenach. Kupuj\u0105c u nas wspieracie nasz\u0105 dzia\u0142alno\u015b\u0107 na Discordzie, stronie internetowej tcgn.pl oraz na naszym kanale YT. Nasze pocz\u0105tki TCGN powsta\u0142o jako [&hellip;]\" \/>\n<meta property=\"og:url\" content=\"https:\/\/tcgn.store\/?page_id=23\" \/>\n<meta property=\"og:site_name\" content=\"TCGN Store\" \/>\n<meta property=\"article:modified_time\" content=\"2026-04-08T18:41:03+00:00\" \/>\n<meta name=\"twitter:card\" content=\"summary_large_image\" \/>\n<meta name=\"twitter:label1\" content=\"Szacowany czas czytania\" \/>\n\t<meta name=\"twitter:data1\" content=\"3 minuty\" \/>\n<script type=\"application\/ld+json\" class=\"yoast-schema-graph\">{\"@context\":\"https:\\\/\\\/schema.org\",\"@graph\":[{\"@type\":\"WebPage\",\"@id\":\"https:\\\/\\\/tcgn.store\\\/?page_id=23\",\"url\":\"https:\\\/\\\/tcgn.store\\\/?page_id=23\",\"name\":\"O nas - TCGN Store\",\"isPartOf\":{\"@id\":\"https:\\\/\\\/tcgn.store\\\/#website\"},\"datePublished\":\"2025-12-05T21:05:02+00:00\",\"dateModified\":\"2026-04-08T18:41:03+00:00\",\"breadcrumb\":{\"@id\":\"https:\\\/\\\/tcgn.store\\\/?page_id=23#breadcrumb\"},\"inLanguage\":\"pl-PL\",\"potentialAction\":[{\"@type\":\"ReadAction\",\"target\":[\"https:\\\/\\\/tcgn.store\\\/?page_id=23\"]}]},{\"@type\":\"BreadcrumbList\",\"@id\":\"https:\\\/\\\/tcgn.store\\\/?page_id=23#breadcrumb\",\"itemListElement\":[{\"@type\":\"ListItem\",\"position\":1,\"name\":\"Strona g\u0142\u00f3wna\",\"item\":\"https:\\\/\\\/tcgn.store\\\/\"},{\"@type\":\"ListItem\",\"position\":2,\"name\":\"Strona g\u0142\u00f3wna\",\"item\":\"https:\\\/\\\/tcgn.store\\\/\"},{\"@type\":\"ListItem\",\"position\":3,\"name\":\"O nas\"}]},{\"@type\":\"WebSite\",\"@id\":\"https:\\\/\\\/tcgn.store\\\/#website\",\"url\":\"https:\\\/\\\/tcgn.store\\\/\",\"name\":\"TCGN Store\",\"description\":\"Oficjalny sklep TCGN\",\"potentialAction\":[{\"@type\":\"SearchAction\",\"target\":{\"@type\":\"EntryPoint\",\"urlTemplate\":\"https:\\\/\\\/tcgn.store\\\/?s={search_term_string}\"},\"query-input\":{\"@type\":\"PropertyValueSpecification\",\"valueRequired\":true,\"valueName\":\"search_term_string\"}}],\"inLanguage\":\"pl-PL\"}]}<\/script>\n<!-- \/ Yoast SEO plugin. -->","yoast_head_json":{"title":"O nas - TCGN Store","robots":{"index":"index","follow":"follow","max-snippet":"max-snippet:-1","max-image-preview":"max-image-preview:large","max-video-preview":"max-video-preview:-1"},"canonical":"https:\/\/tcgn.store\/?page_id=23","og_locale":"pl_PL","og_type":"article","og_title":"O nas - TCGN Store","og_description":"Kr\u00f3tko o nas Cze\u015b\u0107! Tu Dezy i Motyl, sklep TCGN stworzyli\u015bmy, \u017ceby\u015bcie mogli skorzysta\u0107 z mo\u017cliwo\u015bci zakupu produkt\u00f3w Pok\u00e9mon TCG, Bluthelden, Naruto Mythos TCG, Hot Wheels oraz wielu innych marek w jak najlepszych cenach. Kupuj\u0105c u nas wspieracie nasz\u0105 dzia\u0142alno\u015b\u0107 na Discordzie, stronie internetowej tcgn.pl oraz na naszym kanale YT. Nasze pocz\u0105tki TCGN powsta\u0142o jako [&hellip;]","og_url":"https:\/\/tcgn.store\/?page_id=23","og_site_name":"TCGN Store","article_modified_time":"2026-04-08T18:41:03+00:00","twitter_card":"summary_large_image","twitter_misc":{"Szacowany czas czytania":"3 minuty"},"schema":{"@context":"https:\/\/schema.org","@graph":[{"@type":"WebPage","@id":"https:\/\/tcgn.store\/?page_id=23","url":"https:\/\/tcgn.store\/?page_id=23","name":"O nas - TCGN Store","isPartOf":{"@id":"https:\/\/tcgn.store\/#website"},"datePublished":"2025-12-05T21:05:02+00:00","dateModified":"2026-04-08T18:41:03+00:00","breadcrumb":{"@id":"https:\/\/tcgn.store\/?page_id=23#breadcrumb"},"inLanguage":"pl-PL","potentialAction":[{"@type":"ReadAction","target":["https:\/\/tcgn.store\/?page_id=23"]}]},{"@type":"BreadcrumbList","@id":"https:\/\/tcgn.store\/?page_id=23#breadcrumb","itemListElement":[{"@type":"ListItem","position":1,"name":"Strona g\u0142\u00f3wna","item":"https:\/\/tcgn.store\/"},{"@type":"ListItem","position":2,"name":"Strona g\u0142\u00f3wna","item":"https:\/\/tcgn.store\/"},{"@type":"ListItem","position":3,"name":"O nas"}]},{"@type":"WebSite","@id":"https:\/\/tcgn.store\/#website","url":"https:\/\/tcgn.store\/","name":"TCGN Store","description":"Oficjalny sklep TCGN","potentialAction":[{"@type":"SearchAction","target":{"@type":"EntryPoint","urlTemplate":"https:\/\/tcgn.store\/?s={search_term_string}"},"query-input":{"@type":"PropertyValueSpecification","valueRequired":true,"valueName":"search_term_string"}}],"inLanguage":"pl-PL"}]}},"_hostinger_reach_plugin_has_subscription_block":false,"_hostinger_reach_plugin_is_elementor":false,"jetpack_sharing_enabled":true,"_links":{"self":[{"href":"https:\/\/tcgn.store\/index.php?rest_route=\/wp\/v2\/pages\/23","targetHints":{"allow":["GET"]}}],"collection":[{"href":"https:\/\/tcgn.store\/index.php?rest_route=\/wp\/v2\/pages"}],"about":[{"href":"https:\/\/tcgn.store\/index.php?rest_route=\/wp\/v2\/types\/page"}],"author":[{"embeddable":true,"href":"https:\/\/tcgn.store\/index.php?rest_route=\/wp\/v2\/users\/1"}],"replies":[{"embeddable":true,"href":"https:\/\/tcgn.store\/index.php?rest_route=%2Fwp%2Fv2%2Fcomments&post=23"}],"version-history":[{"count":5,"href":"https:\/\/tcgn.store\/index.php?rest_route=\/wp\/v2\/pages\/23\/revisions"}],"predecessor-version":[{"id":359,"href":"https:\/\/tcgn.store\/index.php?rest_route=\/wp\/v2\/pages\/23\/revisions\/359"}],"up":[{"embeddable":true,"href":"https:\/\/tcgn.store\/index.php?rest_route=\/wp\/v2\/pages\/22"}],"wp:attachment":[{"href":"https:\/\/tcgn.store\/index.php?rest_route=%2Fwp%2Fv2%2Fmedia&parent=23"}],"curies":[{"name":"wp","href":"https:\/\/api.w.org\/{rel}","templated":true}]}}