{"id":25,"date":"2025-12-05T21:05:02","date_gmt":"2025-12-05T21:05:02","guid":{"rendered":"https:\/\/tcgn.store\/wozek\/"},"modified":"2026-04-10T15:48:27","modified_gmt":"2026-04-10T15:48:27","slug":"koszyk","status":"publish","type":"page","link":"https:\/\/tcgn.store\/?page_id=25","title":{"rendered":"Koszyk"},"content":{"rendered":"\n<div data-block-name=\"woocommerce\/cart\" class=\"wp-block-woocommerce-cart alignwide is-loading\">\n<div data-block-name=\"woocommerce\/filled-cart-block\" class=\"wp-block-woocommerce-filled-cart-block\">\n<div data-block-name=\"woocommerce\/cart-items-block\" class=\"wp-block-woocommerce-cart-items-block\">\n<div data-block-name=\"woocommerce\/cart-line-items-block\" class=\"wp-block-woocommerce-cart-line-items-block\"><\/div>\n\n\n\n<div data-block-name=\"woocommerce\/cart-cross-sells-block\" class=\"wp-block-woocommerce-cart-cross-sells-block\">\n<h2 class=\"wp-block-heading has-medium-font-size\">Mo\u017ce Ci\u0119 r\u00f3wnie\u017c zainteresowa\u0107\u2026<\/h2>\n\n\n\n<div data-block-name=\"woocommerce\/cart-cross-sells-products-block\" class=\"wp-block-woocommerce-cart-cross-sells-products-block\"><\/div>\n<\/div>\n<\/div>\n\n\n\n<div data-block-name=\"woocommerce\/cart-totals-block\" class=\"wp-block-woocommerce-cart-totals-block\">\n<div data-block-name=\"woocommerce\/cart-order-summary-block\" class=\"wp-block-woocommerce-cart-order-summary-block\">\n<div data-block-name=\"woocommerce\/cart-order-summary-heading-block\" data-content=\"Twoje zam\u00f3wienie\" class=\"wp-block-woocommerce-cart-order-summary-heading-block\"><\/div>\n\n\n\n<div data-block-name=\"woocommerce\/cart-order-summary-coupon-form-block\" class=\"wp-block-woocommerce-cart-order-summary-coupon-form-block\"><\/div>\n\n\n\n<div data-block-name=\"woocommerce\/cart-order-summary-totals-block\" class=\"wp-block-woocommerce-cart-order-summary-totals-block\">\n<div data-block-name=\"woocommerce\/cart-order-summary-subtotal-block\" class=\"wp-block-woocommerce-cart-order-summary-subtotal-block\"><\/div>\n\n\n\n<div data-block-name=\"woocommerce\/cart-order-summary-fee-block\" class=\"wp-block-woocommerce-cart-order-summary-fee-block\"><\/div>\n\n\n\n<div data-block-name=\"woocommerce\/cart-order-summary-discount-block\" class=\"wp-block-woocommerce-cart-order-summary-discount-block\"><\/div>\n\n\n\n<div data-block-name=\"woocommerce\/cart-order-summary-shipping-block\" class=\"wp-block-woocommerce-cart-order-summary-shipping-block\"><\/div>\n\n\n\n<div data-block-name=\"woocommerce\/cart-order-summary-taxes-block\" class=\"wp-block-woocommerce-cart-order-summary-taxes-block\"><\/div>\n<\/div>\n<\/div>\n\n\n\n<div data-block-name=\"woocommerce\/cart-express-payment-block\" class=\"wp-block-woocommerce-cart-express-payment-block\"><\/div>\n\n\n\n<div data-block-name=\"woocommerce\/proceed-to-checkout-block\" class=\"wp-block-woocommerce-proceed-to-checkout-block\"><\/div>\n\n\n\n<div data-block-name=\"woocommerce\/cart-accepted-payment-methods-block\" class=\"wp-block-woocommerce-cart-accepted-payment-methods-block\"><\/div>\n<\/div>\n<\/div>\n\n\n\n<div data-block-name=\"woocommerce\/empty-cart-block\" class=\"wp-block-woocommerce-empty-cart-block\">\n<h2 class=\"wp-block-heading has-text-align-center with-empty-cart-icon wc-block-cart__empty-cart__title\">Your cart is currently empty!<\/h2>\n\n\n\n<hr class=\"wp-block-separator has-alpha-channel-opacity is-style-dots\"\/>\n\n\n\n<h2 class=\"wp-block-heading has-text-align-center\">New in store<\/h2>\n\n\n<div data-block-name=\"woocommerce\/product-new\" data-columns=\"4\" data-rows=\"1\" class=\"wc-block-grid wp-block-product-new wp-block-woocommerce-product-new wc-block-product-new has-4-columns\"><ul class=\"wc-block-grid__products\"><li class=\"wc-block-grid__product\">\n\t\t\t\t<a href=\"https:\/\/tcgn.store\/?product=ursulas-return-booster-en\" class=\"wc-block-grid__product-link\">\n\t\t\t\t\t\n\t\t\t\t\t<div class=\"wc-block-grid__product-image\"><img loading=\"lazy\" decoding=\"async\" width=\"600\" height=\"600\" src=\"https:\/\/tcgn.store\/wp-content\/uploads\/2026\/04\/DLO-URE-Booster-600x600.jpg\" class=\"attachment-woocommerce_thumbnail size-woocommerce_thumbnail\" alt=\"Ursula&#039;s Return Booster (EN)\" srcset=\"https:\/\/tcgn.store\/wp-content\/uploads\/2026\/04\/DLO-URE-Booster-600x600.jpg 600w, https:\/\/tcgn.store\/wp-content\/uploads\/2026\/04\/DLO-URE-Booster-100x100.jpg 100w, https:\/\/tcgn.store\/wp-content\/uploads\/2026\/04\/DLO-URE-Booster-150x150.jpg 150w\" sizes=\"auto, (max-width: 600px) 100vw, 600px\" \/><\/div>\n\t\t\t\t\t<div class=\"wc-block-grid__product-title\">Ursula&#8217;s Return Booster (EN)<\/div>\n\t\t\t\t<\/a>\n\t\t\t\t<div class=\"wc-block-grid__product-price price\"><span class=\"woocommerce-Price-amount amount\">20,00&nbsp;<span class=\"woocommerce-Price-currencySymbol\">&#122;&#322;<\/span><\/span><\/div>\n\t\t\t\t\n\t\t\t\t<div class=\"wp-block-button wc-block-grid__product-add-to-cart\"><a href=\"\/index.php?rest_route=%2Fwp%2Fv2%2Fpages%2F25&#038;add-to-cart=370\" aria-label=\"Dodaj do koszyka: &bdquo;Ursula&#039;s Return Booster (EN)&rdquo;\" data-quantity=\"1\" data-product_id=\"370\" data-product_sku=\"\" data-price=\"20\" rel=\"nofollow\" class=\"wp-block-button__link  add_to_cart_button ajax_add_to_cart\">Dodaj do koszyka<\/a><\/div>\n\t\t\t<\/li><li class=\"wc-block-grid__product\">\n\t\t\t\t<a href=\"https:\/\/tcgn.store\/?product=into-the-inklands-booster-en\" class=\"wc-block-grid__product-link\">\n\t\t\t\t\t\n\t\t\t\t\t<div class=\"wc-block-grid__product-image\"><img loading=\"lazy\" decoding=\"async\" width=\"360\" height=\"600\" src=\"https:\/\/tcgn.store\/wp-content\/uploads\/2026\/04\/DLO-ITI-Booster-Minnie-Mouse-360x600.png\" class=\"attachment-woocommerce_thumbnail size-woocommerce_thumbnail\" alt=\"Into the Inklands Booster (EN)\" \/><\/div>\n\t\t\t\t\t<div class=\"wc-block-grid__product-title\">Into the Inklands Booster (EN)<\/div>\n\t\t\t\t<\/a>\n\t\t\t\t<div class=\"wc-block-grid__product-price price\"><span class=\"woocommerce-Price-amount amount\">20,00&nbsp;<span class=\"woocommerce-Price-currencySymbol\">&#122;&#322;<\/span><\/span><\/div>\n\t\t\t\t\n\t\t\t\t<div class=\"wp-block-button wc-block-grid__product-add-to-cart\"><a href=\"\/index.php?rest_route=%2Fwp%2Fv2%2Fpages%2F25&#038;add-to-cart=369\" aria-label=\"Dodaj do koszyka: &bdquo;Into the Inklands Booster (EN)&rdquo;\" data-quantity=\"1\" data-product_id=\"369\" data-product_sku=\"\" data-price=\"20\" rel=\"nofollow\" class=\"wp-block-button__link  add_to_cart_button ajax_add_to_cart\">Dodaj do koszyka<\/a><\/div>\n\t\t\t<\/li><li class=\"wc-block-grid__product\">\n\t\t\t\t<a href=\"https:\/\/tcgn.store\/?product=rise-of-the-floodborn-booster-en\" class=\"wc-block-grid__product-link\">\n\t\t\t\t\t\n\t\t\t\t\t<div class=\"wc-block-grid__product-image\"><img loading=\"lazy\" decoding=\"async\" width=\"545\" height=\"600\" src=\"https:\/\/tcgn.store\/wp-content\/uploads\/2026\/04\/DLO-RFL-Booster-Beast-545x600.jpg\" class=\"attachment-woocommerce_thumbnail size-woocommerce_thumbnail\" alt=\"Rise of the Floodborn Booster (EN)\" \/><\/div>\n\t\t\t\t\t<div class=\"wc-block-grid__product-title\">Rise of the Floodborn Booster (EN)<\/div>\n\t\t\t\t<\/a>\n\t\t\t\t<div class=\"wc-block-grid__product-price price\"><span class=\"woocommerce-Price-amount amount\">24,00&nbsp;<span class=\"woocommerce-Price-currencySymbol\">&#122;&#322;<\/span><\/span><\/div>\n\t\t\t\t\n\t\t\t\t<div class=\"wp-block-button wc-block-grid__product-add-to-cart\"><a href=\"\/index.php?rest_route=%2Fwp%2Fv2%2Fpages%2F25&#038;add-to-cart=368\" aria-label=\"Dodaj do koszyka: &bdquo;Rise of the Floodborn Booster (EN)&rdquo;\" data-quantity=\"1\" data-product_id=\"368\" data-product_sku=\"\" data-price=\"24\" rel=\"nofollow\" class=\"wp-block-button__link  add_to_cart_button ajax_add_to_cart\">Dodaj do koszyka<\/a><\/div>\n\t\t\t<\/li><li class=\"wc-block-grid__product\">\n\t\t\t\t<a href=\"https:\/\/tcgn.store\/?product=stellar-crown-booster-box-en\" class=\"wc-block-grid__product-link\">\n\t\t\t\t\t\n\t\t\t\t\t<div class=\"wc-block-grid__product-image\"><img loading=\"lazy\" decoding=\"async\" width=\"600\" height=\"600\" src=\"https:\/\/tcgn.store\/wp-content\/uploads\/2026\/04\/SV-SCR-Booster-Box-600x600.png\" class=\"attachment-woocommerce_thumbnail size-woocommerce_thumbnail\" alt=\"Stellar Crown Booster Box (EN)\" srcset=\"https:\/\/tcgn.store\/wp-content\/uploads\/2026\/04\/SV-SCR-Booster-Box-600x600.png 600w, https:\/\/tcgn.store\/wp-content\/uploads\/2026\/04\/SV-SCR-Booster-Box-100x100.png 100w, https:\/\/tcgn.store\/wp-content\/uploads\/2026\/04\/SV-SCR-Booster-Box-150x150.png 150w\" sizes=\"auto, (max-width: 600px) 100vw, 600px\" \/><\/div>\n\t\t\t\t\t<div class=\"wc-block-grid__product-title\">Stellar Crown Booster Box (EN)<\/div>\n\t\t\t\t<\/a>\n\t\t\t\t<div class=\"wc-block-grid__product-price price\"><span class=\"woocommerce-Price-amount amount\">800,00&nbsp;<span class=\"woocommerce-Price-currencySymbol\">&#122;&#322;<\/span><\/span><\/div>\n\t\t\t\t\n\t\t\t\t<div class=\"wp-block-button wc-block-grid__product-add-to-cart\"><a href=\"https:\/\/tcgn.store\/?product=stellar-crown-booster-box-en\" aria-label=\"Przeczytaj wi\u0119cej o &bdquo;Stellar Crown Booster Box (EN)&rdquo;\" data-quantity=\"1\" data-product_id=\"354\" data-product_sku=\"\" data-price=\"800\" rel=\"nofollow\" class=\"wp-block-button__link  add_to_cart_button\">Dowiedz si\u0119 wi\u0119cej<\/a><\/div>\n\t\t\t<\/li><\/ul><\/div><\/div>\n<\/div>\n","protected":false},"excerpt":{"rendered":"","protected":false},"author":1,"featured_media":0,"parent":21,"menu_order":0,"comment_status":"closed","ping_status":"closed","template":"","meta":{"_themeisle_gutenberg_block_has_review":false,"footnotes":""},"class_list":["post-25","page","type-page","status-publish","hentry"],"blocksy_meta":[],"yoast_head":"<!-- This site is optimized with the Yoast SEO plugin v27.4 - https:\/\/yoast.com\/product\/yoast-seo-wordpress\/ -->\n<title>Koszyk - TCGN Store<\/title>\n<meta name=\"robots\" content=\"index, follow, max-snippet:-1, max-image-preview:large, max-video-preview:-1\" \/>\n<link rel=\"canonical\" href=\"https:\/\/tcgn.store\/?page_id=25\" \/>\n<meta property=\"og:locale\" content=\"pl_PL\" \/>\n<meta property=\"og:type\" content=\"article\" \/>\n<meta property=\"og:title\" content=\"Koszyk - TCGN Store\" \/>\n<meta property=\"og:url\" content=\"https:\/\/tcgn.store\/?page_id=25\" \/>\n<meta property=\"og:site_name\" content=\"TCGN Store\" \/>\n<meta property=\"article:modified_time\" content=\"2026-04-10T15:48:27+00:00\" \/>\n<meta name=\"twitter:card\" content=\"summary_large_image\" \/>\n<meta name=\"twitter:label1\" content=\"Szacowany czas czytania\" \/>\n\t<meta name=\"twitter:data1\" content=\"1 minuta\" \/>\n<script type=\"application\/ld+json\" class=\"yoast-schema-graph\">{\"@context\":\"https:\\\/\\\/schema.org\",\"@graph\":[{\"@type\":\"WebPage\",\"@id\":\"https:\\\/\\\/tcgn.store\\\/?page_id=25\",\"url\":\"https:\\\/\\\/tcgn.store\\\/?page_id=25\",\"name\":\"Koszyk - TCGN Store\",\"isPartOf\":{\"@id\":\"https:\\\/\\\/tcgn.store\\\/#website\"},\"datePublished\":\"2025-12-05T21:05:02+00:00\",\"dateModified\":\"2026-04-10T15:48:27+00:00\",\"breadcrumb\":{\"@id\":\"https:\\\/\\\/tcgn.store\\\/?page_id=25#breadcrumb\"},\"inLanguage\":\"pl-PL\",\"potentialAction\":[{\"@type\":\"ReadAction\",\"target\":[\"https:\\\/\\\/tcgn.store\\\/?page_id=25\"]}]},{\"@type\":\"BreadcrumbList\",\"@id\":\"https:\\\/\\\/tcgn.store\\\/?page_id=25#breadcrumb\",\"itemListElement\":[{\"@type\":\"ListItem\",\"position\":1,\"name\":\"Strona g\u0142\u00f3wna\",\"item\":\"https:\\\/\\\/tcgn.store\\\/\"},{\"@type\":\"ListItem\",\"position\":2,\"name\":\"Sklep\",\"item\":\"https:\\\/\\\/tcgn.store\\\/?page_id=21\"},{\"@type\":\"ListItem\",\"position\":3,\"name\":\"Koszyk\"}]},{\"@type\":\"WebSite\",\"@id\":\"https:\\\/\\\/tcgn.store\\\/#website\",\"url\":\"https:\\\/\\\/tcgn.store\\\/\",\"name\":\"TCGN Store\",\"description\":\"Oficjalny sklep TCGN\",\"potentialAction\":[{\"@type\":\"SearchAction\",\"target\":{\"@type\":\"EntryPoint\",\"urlTemplate\":\"https:\\\/\\\/tcgn.store\\\/?s={search_term_string}\"},\"query-input\":{\"@type\":\"PropertyValueSpecification\",\"valueRequired\":true,\"valueName\":\"search_term_string\"}}],\"inLanguage\":\"pl-PL\"}]}<\/script>\n<!-- \/ Yoast SEO plugin. -->","yoast_head_json":{"title":"Koszyk - TCGN Store","robots":{"index":"index","follow":"follow","max-snippet":"max-snippet:-1","max-image-preview":"max-image-preview:large","max-video-preview":"max-video-preview:-1"},"canonical":"https:\/\/tcgn.store\/?page_id=25","og_locale":"pl_PL","og_type":"article","og_title":"Koszyk - TCGN Store","og_url":"https:\/\/tcgn.store\/?page_id=25","og_site_name":"TCGN Store","article_modified_time":"2026-04-10T15:48:27+00:00","twitter_card":"summary_large_image","twitter_misc":{"Szacowany czas czytania":"1 minuta"},"schema":{"@context":"https:\/\/schema.org","@graph":[{"@type":"WebPage","@id":"https:\/\/tcgn.store\/?page_id=25","url":"https:\/\/tcgn.store\/?page_id=25","name":"Koszyk - TCGN Store","isPartOf":{"@id":"https:\/\/tcgn.store\/#website"},"datePublished":"2025-12-05T21:05:02+00:00","dateModified":"2026-04-10T15:48:27+00:00","breadcrumb":{"@id":"https:\/\/tcgn.store\/?page_id=25#breadcrumb"},"inLanguage":"pl-PL","potentialAction":[{"@type":"ReadAction","target":["https:\/\/tcgn.store\/?page_id=25"]}]},{"@type":"BreadcrumbList","@id":"https:\/\/tcgn.store\/?page_id=25#breadcrumb","itemListElement":[{"@type":"ListItem","position":1,"name":"Strona g\u0142\u00f3wna","item":"https:\/\/tcgn.store\/"},{"@type":"ListItem","position":2,"name":"Sklep","item":"https:\/\/tcgn.store\/?page_id=21"},{"@type":"ListItem","position":3,"name":"Koszyk"}]},{"@type":"WebSite","@id":"https:\/\/tcgn.store\/#website","url":"https:\/\/tcgn.store\/","name":"TCGN Store","description":"Oficjalny sklep TCGN","potentialAction":[{"@type":"SearchAction","target":{"@type":"EntryPoint","urlTemplate":"https:\/\/tcgn.store\/?s={search_term_string}"},"query-input":{"@type":"PropertyValueSpecification","valueRequired":true,"valueName":"search_term_string"}}],"inLanguage":"pl-PL"}]}},"_hostinger_reach_plugin_has_subscription_block":false,"_hostinger_reach_plugin_is_elementor":false,"jetpack_sharing_enabled":true,"_links":{"self":[{"href":"https:\/\/tcgn.store\/index.php?rest_route=\/wp\/v2\/pages\/25","targetHints":{"allow":["GET"]}}],"collection":[{"href":"https:\/\/tcgn.store\/index.php?rest_route=\/wp\/v2\/pages"}],"about":[{"href":"https:\/\/tcgn.store\/index.php?rest_route=\/wp\/v2\/types\/page"}],"author":[{"embeddable":true,"href":"https:\/\/tcgn.store\/index.php?rest_route=\/wp\/v2\/users\/1"}],"replies":[{"embeddable":true,"href":"https:\/\/tcgn.store\/index.php?rest_route=%2Fwp%2Fv2%2Fcomments&post=25"}],"version-history":[{"count":3,"href":"https:\/\/tcgn.store\/index.php?rest_route=\/wp\/v2\/pages\/25\/revisions"}],"predecessor-version":[{"id":288,"href":"https:\/\/tcgn.store\/index.php?rest_route=\/wp\/v2\/pages\/25\/revisions\/288"}],"up":[{"embeddable":true,"href":"https:\/\/tcgn.store\/index.php?rest_route=\/wp\/v2\/pages\/21"}],"wp:attachment":[{"href":"https:\/\/tcgn.store\/index.php?rest_route=%2Fwp%2Fv2%2Fmedia&parent=25"}],"curies":[{"name":"wp","href":"https:\/\/api.w.org\/{rel}","templated":true}]}}