{"id":27,"date":"2025-12-05T21:05:02","date_gmt":"2025-12-05T21:05:02","guid":{"rendered":"https:\/\/tcgn.store\/moje-konto\/"},"modified":"2026-02-19T16:43:04","modified_gmt":"2026-02-19T16:43:04","slug":"moje-konto","status":"publish","type":"page","link":"https:\/\/tcgn.store\/?page_id=27","title":{"rendered":"Moje konto"},"content":{"rendered":"<div class=\"woocommerce ct-woo-unauthorized\"><div class=\"woocommerce-notices-wrapper\"><\/div>\n\n<div class=\"u-columns col2-set\" id=\"customer_login\">\n\n\t<div class=\"u-column1 col-1\">\n\n\n\t\t<h2>Logowanie<\/h2>\n\n\t\t<form class=\"woocommerce-form woocommerce-form-login login\" method=\"post\" novalidate>\n\n\t\t\t\n\t\t\t<p class=\"woocommerce-form-row woocommerce-form-row--wide form-row form-row-wide\">\n\t\t\t\t<label for=\"username\">Nazwa u\u017cytkownika lub adres e-mail&nbsp;<span class=\"required\" aria-hidden=\"true\">*<\/span><span class=\"screen-reader-text\">Wymagane<\/span><\/label>\n\t\t\t\t<input type=\"text\" class=\"woocommerce-Input woocommerce-Input--text input-text\" name=\"username\" id=\"username\" autocomplete=\"username\" value=\"\" required aria-required=\"true\" \/>\t\t\t<\/p>\n\t\t\t<p class=\"woocommerce-form-row woocommerce-form-row--wide form-row form-row-wide\">\n\t\t\t\t<label for=\"password\">Has\u0142o&nbsp;<span class=\"required\" aria-hidden=\"true\">*<\/span><span class=\"screen-reader-text\">Wymagane<\/span><\/label>\n\t\t\t\t<input class=\"woocommerce-Input woocommerce-Input--text input-text\" type=\"password\" name=\"password\" id=\"password\" autocomplete=\"current-password\" required aria-required=\"true\" \/>\n\t\t\t<\/p>\n\n\t\t\t\t\t<div id=\"cf-turnstile-woo-login-2784512203\"\r\n\t\tclass=\"cf-turnstile sct-woocommerce-login\" data-callback=\"turnstileWooLoginCallback\"\t\tdata-sitekey=\"0x4AAAAAAC1dK0ZQ6VWo_OIY\"\r\n\t\tdata-theme=\"light\"\r\n\t\tdata-language=\"auto\"\r\n\t\tdata-size=\"normal\"\r\n\t\tdata-retry=\"auto\" data-retry-interval=\"1000\"\r\n\t\tdata-refresh-expired=\"auto\"\r\n\t\tdata-refresh-timeout=\"auto\"\r\n\t\tdata-action=\"woocommerce-login-2784512203\"\r\n\t\tdata-callback=\"turnstileWooLoginCallback\"\r\n\t\t\t\tdata-appearance=\"always\"><\/div>\r\n\t\t\t\t<style>.woocommerce-form-login__submit { pointer-events: none; opacity: 0.5; }<\/style>\r\n\t\t\t<script>document.addEventListener(\"DOMContentLoaded\", function() { setTimeout(function(){ var e=document.getElementById(\"cf-turnstile-woo-login-2784512203\"); if(e&&!e.innerHTML.trim()){turnstile.render(e, {sitekey:\"0x4AAAAAAC1dK0ZQ6VWo_OIY\"});} }, 200); });<\/script>\r\n\t\t\t<br class=\"cf-turnstile-br cf-turnstile-br-woo-login-2784512203\">\r\n\t\t\t\t<style>#cf-turnstile-woo-login-2784512203 { margin-left: -15px; }<\/style>\r\n\t\t<input type=\"hidden\" id=\"wpa_initiator\" class=\"wpa_initiator\" name=\"wpa_initiator\" value=\"\" \/>\n\t\t\t<p class=\"form-row\">\n\t\t\t\t<label class=\"woocommerce-form__label woocommerce-form__label-for-checkbox woocommerce-form-login__rememberme\">\n\t\t\t\t\t<input class=\"woocommerce-form__input woocommerce-form__input-checkbox\" name=\"rememberme\" type=\"checkbox\" id=\"rememberme\" value=\"forever\" \/> <span>Zapami\u0119taj mnie<\/span>\n\t\t\t\t<\/label>\n\t\t\t\t<input type=\"hidden\" id=\"woocommerce-login-nonce\" name=\"woocommerce-login-nonce\" value=\"dfa1d5af8c\" \/><input type=\"hidden\" name=\"_wp_http_referer\" value=\"\/index.php?rest_route=%2Fwp%2Fv2%2Fpages%2F27\" \/>\t\t\t\t<button type=\"submit\" class=\"woocommerce-button button woocommerce-form-login__submit\" name=\"login\" value=\"Zaloguj si\u0119\">Zaloguj si\u0119<\/button>\n\t\t\t<\/p>\n\t\t\t<p class=\"woocommerce-LostPassword lost_password\">\n\t\t\t\t<a href=\"https:\/\/tcgn.store\/?page_id=27&#038;zapomnialem-hasla\">Nie pami\u0119tasz has\u0142a?<\/a>\n\t\t\t<\/p>\n\n\t\t\t\n\t\t<\/form>\n\n\n\t<\/div>\n\n\t<div class=\"u-column2 col-2\">\n\n\t\t<h2>Zarejestruj si\u0119<\/h2>\n\n\t\t<form method=\"post\" class=\"woocommerce-form woocommerce-form-register register\"  >\n\n\t\t\t\n\t\t\t\n\t\t\t<p class=\"woocommerce-form-row woocommerce-form-row--wide form-row form-row-wide\">\n\t\t\t\t<label for=\"reg_email\">Adres e-mail&nbsp;<span class=\"required\" aria-hidden=\"true\">*<\/span><span class=\"screen-reader-text\">Wymagane<\/span><\/label>\n\t\t\t\t<input type=\"email\" class=\"woocommerce-Input woocommerce-Input--text input-text\" name=\"email\" id=\"reg_email\" autocomplete=\"email\" value=\"\" required aria-required=\"true\" \/>\t\t\t<\/p>\n\n\t\t\t\n\t\t\t\t<p>Na adres e-mail zostanie wys\u0142any odno\u015bnik do ustawienia nowego has\u0142a.<\/p>\n\n\t\t\t\n\t\t\t\t\t<div id=\"cf-turnstile-woo-register-459978964\"\r\n\t\tclass=\"cf-turnstile sct-woocommerce-register\" data-callback=\"turnstileWooRegisterCallback\"\t\tdata-sitekey=\"0x4AAAAAAC1dK0ZQ6VWo_OIY\"\r\n\t\tdata-theme=\"light\"\r\n\t\tdata-language=\"auto\"\r\n\t\tdata-size=\"normal\"\r\n\t\tdata-retry=\"auto\" data-retry-interval=\"1000\"\r\n\t\tdata-refresh-expired=\"auto\"\r\n\t\tdata-refresh-timeout=\"auto\"\r\n\t\tdata-action=\"woocommerce-register-459978964\"\r\n\t\tdata-callback=\"turnstileWooRegisterCallback\"\r\n\t\t\t\tdata-appearance=\"always\"><\/div>\r\n\t\t\t\t<style>.woocommerce-form-register__submit { pointer-events: none; opacity: 0.5; }<\/style>\r\n\t\t\t<script>document.addEventListener(\"DOMContentLoaded\", function() { setTimeout(function(){ var e=document.getElementById(\"cf-turnstile-woo-register-459978964\"); if(e&&!e.innerHTML.trim()){turnstile.render(e, {sitekey:\"0x4AAAAAAC1dK0ZQ6VWo_OIY\"});} }, 200); });<\/script>\r\n\t\t\t<br class=\"cf-turnstile-br cf-turnstile-br-woo-register-459978964\">\r\n\t\t\t\t<style>#cf-turnstile-woo-register-459978964 { margin-left: -15px; }<\/style>\r\n\t\t<wc-order-attribution-inputs><\/wc-order-attribution-inputs><div class=\"woocommerce-privacy-policy-text\"><p>Twoje dane b\u0119d\u0105 wykorzystywane w celu poprawy Twoich wra\u017ce\u0144 z korzystania z naszego sklepu, do zarz\u0105dzania dost\u0119pem do Twojego konta oraz w celach wymienionych w naszej <a href=\"https:\/\/tcgn.store\/?page_id=3\" class=\"woocommerce-privacy-policy-link\" target=\"_blank\">polityka prywatno\u015bci<\/a>.<\/p>\n<\/div>\n\t\t\t<p class=\"woocommerce-form-row form-row\">\n\t\t\t\t<input type=\"hidden\" id=\"woocommerce-register-nonce\" name=\"woocommerce-register-nonce\" value=\"6f960a2ee0\" \/><input type=\"hidden\" name=\"_wp_http_referer\" value=\"\/index.php?rest_route=%2Fwp%2Fv2%2Fpages%2F27\" \/>\t\t\t\t<button type=\"submit\" class=\"woocommerce-Button woocommerce-button button woocommerce-form-register__submit\" name=\"register\" value=\"Zarejestruj si\u0119\">Zarejestruj si\u0119<\/button>\n\t\t\t<\/p>\n\n\t\t\t\n\t\t<\/form>\n\n\t<\/div>\n\n<\/div>\n\n<\/div>\n\n","protected":false},"excerpt":{"rendered":"","protected":false},"author":1,"featured_media":0,"parent":21,"menu_order":0,"comment_status":"closed","ping_status":"closed","template":"","meta":{"_themeisle_gutenberg_block_has_review":false,"footnotes":""},"class_list":["post-27","page","type-page","status-publish","hentry"],"blocksy_meta":[],"yoast_head":"<!-- This site is optimized with the Yoast SEO plugin v27.4 - https:\/\/yoast.com\/product\/yoast-seo-wordpress\/ -->\n<title>Moje konto - TCGN Store<\/title>\n<meta name=\"robots\" content=\"index, follow, max-snippet:-1, max-image-preview:large, max-video-preview:-1\" \/>\n<link rel=\"canonical\" href=\"https:\/\/tcgn.store\/?page_id=27\" \/>\n<meta property=\"og:locale\" content=\"pl_PL\" \/>\n<meta property=\"og:type\" content=\"article\" \/>\n<meta property=\"og:title\" content=\"Moje konto - TCGN Store\" \/>\n<meta property=\"og:url\" content=\"https:\/\/tcgn.store\/?page_id=27\" \/>\n<meta property=\"og:site_name\" content=\"TCGN Store\" \/>\n<meta property=\"article:modified_time\" content=\"2026-02-19T16:43:04+00:00\" \/>\n<meta name=\"twitter:card\" content=\"summary_large_image\" \/>\n<script type=\"application\/ld+json\" class=\"yoast-schema-graph\">{\"@context\":\"https:\\\/\\\/schema.org\",\"@graph\":[{\"@type\":\"WebPage\",\"@id\":\"https:\\\/\\\/tcgn.store\\\/?page_id=27\",\"url\":\"https:\\\/\\\/tcgn.store\\\/?page_id=27\",\"name\":\"Moje konto - TCGN Store\",\"isPartOf\":{\"@id\":\"https:\\\/\\\/tcgn.store\\\/#website\"},\"datePublished\":\"2025-12-05T21:05:02+00:00\",\"dateModified\":\"2026-02-19T16:43:04+00:00\",\"breadcrumb\":{\"@id\":\"https:\\\/\\\/tcgn.store\\\/?page_id=27#breadcrumb\"},\"inLanguage\":\"pl-PL\",\"potentialAction\":[{\"@type\":\"ReadAction\",\"target\":[\"https:\\\/\\\/tcgn.store\\\/?page_id=27\"]}]},{\"@type\":\"BreadcrumbList\",\"@id\":\"https:\\\/\\\/tcgn.store\\\/?page_id=27#breadcrumb\",\"itemListElement\":[{\"@type\":\"ListItem\",\"position\":1,\"name\":\"Strona g\u0142\u00f3wna\",\"item\":\"https:\\\/\\\/tcgn.store\\\/\"},{\"@type\":\"ListItem\",\"position\":2,\"name\":\"Sklep\",\"item\":\"https:\\\/\\\/tcgn.store\\\/?page_id=21\"},{\"@type\":\"ListItem\",\"position\":3,\"name\":\"Moje konto\"}]},{\"@type\":\"WebSite\",\"@id\":\"https:\\\/\\\/tcgn.store\\\/#website\",\"url\":\"https:\\\/\\\/tcgn.store\\\/\",\"name\":\"TCGN Store\",\"description\":\"Oficjalny sklep TCGN\",\"potentialAction\":[{\"@type\":\"SearchAction\",\"target\":{\"@type\":\"EntryPoint\",\"urlTemplate\":\"https:\\\/\\\/tcgn.store\\\/?s={search_term_string}\"},\"query-input\":{\"@type\":\"PropertyValueSpecification\",\"valueRequired\":true,\"valueName\":\"search_term_string\"}}],\"inLanguage\":\"pl-PL\"}]}<\/script>\n<!-- \/ Yoast SEO plugin. -->","yoast_head_json":{"title":"Moje konto - TCGN Store","robots":{"index":"index","follow":"follow","max-snippet":"max-snippet:-1","max-image-preview":"max-image-preview:large","max-video-preview":"max-video-preview:-1"},"canonical":"https:\/\/tcgn.store\/?page_id=27","og_locale":"pl_PL","og_type":"article","og_title":"Moje konto - TCGN Store","og_url":"https:\/\/tcgn.store\/?page_id=27","og_site_name":"TCGN Store","article_modified_time":"2026-02-19T16:43:04+00:00","twitter_card":"summary_large_image","schema":{"@context":"https:\/\/schema.org","@graph":[{"@type":"WebPage","@id":"https:\/\/tcgn.store\/?page_id=27","url":"https:\/\/tcgn.store\/?page_id=27","name":"Moje konto - TCGN Store","isPartOf":{"@id":"https:\/\/tcgn.store\/#website"},"datePublished":"2025-12-05T21:05:02+00:00","dateModified":"2026-02-19T16:43:04+00:00","breadcrumb":{"@id":"https:\/\/tcgn.store\/?page_id=27#breadcrumb"},"inLanguage":"pl-PL","potentialAction":[{"@type":"ReadAction","target":["https:\/\/tcgn.store\/?page_id=27"]}]},{"@type":"BreadcrumbList","@id":"https:\/\/tcgn.store\/?page_id=27#breadcrumb","itemListElement":[{"@type":"ListItem","position":1,"name":"Strona g\u0142\u00f3wna","item":"https:\/\/tcgn.store\/"},{"@type":"ListItem","position":2,"name":"Sklep","item":"https:\/\/tcgn.store\/?page_id=21"},{"@type":"ListItem","position":3,"name":"Moje konto"}]},{"@type":"WebSite","@id":"https:\/\/tcgn.store\/#website","url":"https:\/\/tcgn.store\/","name":"TCGN Store","description":"Oficjalny sklep TCGN","potentialAction":[{"@type":"SearchAction","target":{"@type":"EntryPoint","urlTemplate":"https:\/\/tcgn.store\/?s={search_term_string}"},"query-input":{"@type":"PropertyValueSpecification","valueRequired":true,"valueName":"search_term_string"}}],"inLanguage":"pl-PL"}]}},"_hostinger_reach_plugin_has_subscription_block":false,"_hostinger_reach_plugin_is_elementor":false,"jetpack_sharing_enabled":true,"_links":{"self":[{"href":"https:\/\/tcgn.store\/index.php?rest_route=\/wp\/v2\/pages\/27","targetHints":{"allow":["GET"]}}],"collection":[{"href":"https:\/\/tcgn.store\/index.php?rest_route=\/wp\/v2\/pages"}],"about":[{"href":"https:\/\/tcgn.store\/index.php?rest_route=\/wp\/v2\/types\/page"}],"author":[{"embeddable":true,"href":"https:\/\/tcgn.store\/index.php?rest_route=\/wp\/v2\/users\/1"}],"replies":[{"embeddable":true,"href":"https:\/\/tcgn.store\/index.php?rest_route=%2Fwp%2Fv2%2Fcomments&post=27"}],"version-history":[{"count":1,"href":"https:\/\/tcgn.store\/index.php?rest_route=\/wp\/v2\/pages\/27\/revisions"}],"predecessor-version":[{"id":187,"href":"https:\/\/tcgn.store\/index.php?rest_route=\/wp\/v2\/pages\/27\/revisions\/187"}],"up":[{"embeddable":true,"href":"https:\/\/tcgn.store\/index.php?rest_route=\/wp\/v2\/pages\/21"}],"wp:attachment":[{"href":"https:\/\/tcgn.store\/index.php?rest_route=%2Fwp%2Fv2%2Fmedia&parent=27"}],"curies":[{"name":"wp","href":"https:\/\/api.w.org\/{rel}","templated":true}]}}