{"id":3,"date":"2025-12-05T20:59:57","date_gmt":"2025-12-05T20:59:57","guid":{"rendered":"https:\/\/tcgn.store\/?page_id=3"},"modified":"2026-04-04T12:37:43","modified_gmt":"2026-04-04T12:37:43","slug":"polityka-prywatnosci","status":"publish","type":"page","link":"https:\/\/tcgn.store\/?page_id=3","title":{"rendered":"Polityka prywatno\u015bci"},"content":{"rendered":"\n<h2 class=\"wp-block-heading\">Postanowienia og\u00f3lne<\/h2>\n\n\n\n<ol class=\"wp-block-list\">\n<li>Polityka prywatno\u015bci okre\u015bla, jak zbierane, przetwarzane i przechowywane s\u0105 dane osobowe U\u017cytkownik\u00f3w niezb\u0119dne do \u015bwiadczenia us\u0142ug drog\u0105 elektroniczn\u0105 za po\u015brednictwem serwisu internetowego&nbsp;tcgn.store&nbsp;(dalej: Serwis).<\/li>\n\n\n\n<li>Serwis zbiera wy\u0142\u0105cznie dane osobowe niezb\u0119dne do \u015bwiadczenia i rozwoju us\u0142ug w nim oferowanych.<\/li>\n\n\n\n<li>Dane osobowe zbierane za po\u015brednictwem Serwisu s\u0105 przetwarzane zgodnie z&nbsp;Rozporz\u0105dzeniem Parlamentu Europejskiego i&nbsp;Rady (UE) 2016\/679 z&nbsp;dnia 27 kwietnia 2016 r. w&nbsp;sprawie ochrony os\u00f3b fizycznych w&nbsp;zwi\u0105zku z&nbsp;przetwarzaniem danych osobowych i&nbsp;w sprawie swobodnego przep\u0142ywu takich danych oraz uchylenia dyrektywy 95\/46\/WE (og\u00f3lne rozporz\u0105dzenie o&nbsp;ochronie danych, dalej RODO) oraz ustaw\u0105 o ochronie danych osobowych z dnia 10 maja 2018 r.<\/li>\n<\/ol>\n\n\n\n<h2 class=\"wp-block-heading\">Administrator danych<\/h2>\n\n\n\n<p>Administratorem danych osobowych zbieranych poprzez Serwis jest:<br>TCGN Sp. z o.o., NIP: 7011250460, REGON: 541180865, KRS: 0001161851<br>Kontaktowy adres poczty elektronicznej:\u00a0sklep@tcgn.store\u00a0(dalej: Administrator).<\/p>\n\n\n\n<h2 class=\"wp-block-heading\">Cel zbierania danych osobowych<\/h2>\n\n\n\n<ol class=\"wp-block-list\">\n<li>Dane osobowe wykorzystywane s\u0105 w celu:<\/li>\n<\/ol>\n\n\n\n<ul class=\"wp-block-list\">\n<li>komunikacji z U\u017cytkownikiem (livechat, formularz kontaktowy itp.)<\/li>\n\n\n\n<li>wysy\u0142ki newslettera (po wyra\u017ceniu zgody U\u017cytkownika na jego otrzymywanie),<\/li>\n\n\n\n<li>prowadzenia systemu komentarzy,<\/li>\n\n\n\n<li>\u015bwiadczenia us\u0142ug spo\u0142eczno\u015bciowych,<\/li>\n\n\n\n<li>promocji oferty Administratora,<\/li>\n\n\n\n<li>marketingu, remarketingu, afiliacji,<\/li>\n\n\n\n<li>personalizacji Serwisu dla U\u017cytkownik\u00f3w,<\/li>\n\n\n\n<li>dzia\u0142a\u0144 analitycznych i statystycznych,<\/li>\n\n\n\n<li>dzia\u0142a\u0144 zwi\u0105zanych z realizowaniem sprzeda\u017cy.<\/li>\n<\/ul>\n\n\n\n<h2 class=\"wp-block-heading\">Rodzaj przetwarzania danych osobowych<\/h2>\n\n\n\n<p>Administrator mo\u017ce przetwarza\u0107&nbsp;dane osobowe U\u017cytkownika: adres e-mail, imi\u0119 i nazwisko, adres, nr telefonu.<\/p>\n\n\n\n<h2 class=\"wp-block-heading\">Okres przetwarzania danych osobowych<\/h2>\n\n\n\n<p>Dane osobowe U\u017cytkownik\u00f3w b\u0119d\u0105 przetwarzane przez okres:<\/p>\n\n\n\n<ul class=\"wp-block-list\">\n<li>gdy podstaw\u0105 przetwarzania danych jest wykonanie umowy \u2013 do momentu przedawnienia roszcze\u0144 po jej wykonaniu,<\/li>\n\n\n\n<li>gdy podstaw\u0105 przetwarzania danych jest zgoda \u2013 do momentu jej odwo\u0142ania, a&nbsp;po odwo\u0142aniu zgody do przedawnienia roszcze\u0144.<\/li>\n\n\n\n<li>W obu przypadkach termin przedawnienia wynosi 6 lat, a&nbsp;dla roszcze\u0144 o&nbsp;\u015bwiadczenia okresowe i roszcze\u0144 dotycz\u0105cych&nbsp;prowadzenia dzia\u0142alno\u015bci gospodarczej \u2013 3 lata (je\u015bli przepis szczeg\u00f3lny nie stanowi inaczej).<\/li>\n<\/ul>\n\n\n\n<h2 class=\"wp-block-heading\">Udost\u0119pnianie danych osobowych<\/h2>\n\n\n\n<ol class=\"wp-block-list\">\n<li>Dane osobowe U\u017cytkownik\u00f3w mog\u0105 by\u0107 przekazywane: podmiotom powi\u0105zanym z Administratorem, jego podwykonawcom, podmiotom wsp\u00f3\u0142pracuj\u0105cym z Administratorem np. firmom obs\u0142uguj\u0105cym e-p\u0142atno\u015bci, firmom \u015bwiadcz\u0105cym us\u0142ugi kurierskie\/pocztowe, kancelariom prawnym.<\/li>\n\n\n\n<li>Dane osobowe U\u017cytkownik\u00f3w&nbsp;nie b\u0119d\u0105\/b\u0119d\u0105&nbsp;przekazywane poza teren Europejskiego Obszaru Gospodarczego (EOG).<\/li>\n<\/ol>\n\n\n\n<h2 class=\"wp-block-heading\">Prawa u\u017cytkownik\u00f3w<\/h2>\n\n\n\n<ol class=\"wp-block-list\">\n<li>U\u017cytkownik Serwisu ma prawo do: dost\u0119pu do tre\u015bci swoich danych osobowych, ich sprostowania, usuni\u0119cia, ograniczenia przetwarzania, przenoszenia, wniesienia sprzeciwu wobec przetwarzania, cofni\u0119cia zgody w ka\u017cdej chwili (co nie ma&nbsp;wp\u0142ywu na zgodno\u015b\u0107 z prawem przetwarzania dokonanego w oparciu o zgod\u0119 przed jej cofni\u0119ciem).<\/li>\n\n\n\n<li>Zg\u0142oszenie o wyst\u0105pieniu przez U\u017cytkownika z\u00a0uprawnieniem wynikaj\u0105cym z\u00a0wymienionych praw nale\u017cy przes\u0142a\u0107 na adres e-mail: sklep@tcgn.store.<\/li>\n\n\n\n<li>Administrator spe\u0142nia lub odmawia&nbsp;spe\u0142nienia \u017c\u0105dania&nbsp;niezw\u0142ocznie \u2013 maksymalnie w ci\u0105gu miesi\u0105ca od jego otrzymania.<\/li>\n\n\n\n<li>U\u017cytkownik ma prawo z\u0142o\u017cy\u0107 skarg\u0119 do Prezesa Urz\u0119du Ochrony Danych Osobowych, je\u015bli uzna, \u017ce przetwarzanie narusza jego prawa i wolno\u015bci (RODO).<\/li>\n<\/ol>\n\n\n\n<h2 class=\"wp-block-heading\">Pliki cookies<\/h2>\n\n\n\n<ol class=\"wp-block-list\">\n<li>Serwis zbiera informacje za pomoc\u0105 plik\u00f3w cookies.<\/li>\n\n\n\n<li>Zbieranie plik\u00f3w cookies wspiera poprawne \u015bwiadczenie us\u0142ug w Serwisie i s\u0142u\u017cy celom statystycznym.<\/li>\n\n\n\n<li>U\u017cytkownik mo\u017ce okre\u015bli\u0107 zakres dost\u0119pu plik\u00f3w cookies do swojego urz\u0105dzenia w ustawieniach przegl\u0105darki.<\/li>\n\n\n\n<li>Serwis wykorzystuje technik\u0119 \u201ecookies\u201d. Cookie (zwane tak\u017ce \u201eciasteczkiem\u201d) jest to niewielki plik z informacj\u0105 zapisywany przez Serwis na urz\u0105dzeniu ko\u0144cowym Odwiedzaj\u0105cego w zwi\u0105zku z korzystaniem przez Odwiedzaj\u0105cego z Serwisu.<\/li>\n\n\n\n<li>Korzystanie z technik \u201ecookies\u201d nie pozwala na pobieranie jakichkolwiek Danych Osobowych i adresowych Odwiedzaj\u0105cego, ani \u017cadnych informacji poufnych z jego komputera. Technika \u201ecookies\u201d pozwala wy\u0142\u0105cznie okre\u015bli\u0107 profil informacji, jakimi Odwiedzaj\u0105cy jest zainteresowany. W ten spos\u00f3b zebrane dane umo\u017cliwiaj\u0105 badanie zagregowanego ruchu Odwiedzaj\u0105cych w ramach Serwisu oraz w celach statystycznych.<\/li>\n\n\n\n<li>Celem stosowania techniki \u201ecookies\u201d jest zapewnienie prawid\u0142owego funkcjonowania Serwisu, zbieranie anonimowych statystyk pomagaj\u0105cych ustali\u0107, w jaki spos\u00f3b wykorzystywane s\u0105 tre\u015bci zamieszczone w Serwisie oraz prezentowanie Odwiedzaj\u0105cym informacji i reklam dostosowanych do jego preferencji.<\/li>\n\n\n\n<li>Odwiedzaj\u0105cy mo\u017ce sam zdecydowa\u0107 o tym w jaki spos\u00f3b cookies zapisywane s\u0105 na jego komputerze. W tym celu nale\u017cy zmieni\u0107 ustawienia\/preferencje w przegl\u0105darce www. Domy\u015blne ustawienia popularnych przegl\u0105darek zwykle pozwalaj\u0105 na zapisywanie cookies. Korzystaj\u0105c z Serwisu Odwiedzaj\u0105cy wyra\u017ca zgod\u0119 na u\u017cywanie cookies, zgodnie z ustawieniami przegl\u0105darki. Mo\u017cliwe jest r\u00f3wnie\u017c korzystanie z Serwisu bez stosowania i zapisywania plik\u00f3w cookies, jednak wtedy nie wszystkie funkcje serwisu mog\u0105 by\u0107 dost\u0119pne.<\/li>\n\n\n\n<li>W ramach Serwisu wykorzystujemy nast\u0119puj\u0105ce rodzaje plik\u00f3w cookies:\n<ol class=\"wp-block-list\">\n<li>\u201esesyjne\u201d \u2013 przechowywane s\u0105 w urz\u0105dzeniu ko\u0144cowym Odwiedzaj\u0105cego do czasu opuszczenia Serwisu lub wy\u0142\u0105czenia przegl\u0105darki internetowej;<\/li>\n\n\n\n<li>\u201esta\u0142e\u201d \u2013 przechowywane w urz\u0105dzeniu ko\u0144cowym Odwiedzaj\u0105cego przez czas okre\u015blony w parametrach plik\u00f3w cookies lub do czasu ich usuni\u0119cia przez Odwiedzaj\u0105cego;<\/li>\n\n\n\n<li>\u201ewydajno\u015bciowe\u201d \u2013 umo\u017cliwiaj\u0105 zbieranie informacji o sposobie korzystania z Serwisu;<\/li>\n\n\n\n<li>\u201eniezb\u0119dne\u201d \u2013 umo\u017cliwiaj\u0105ce korzystanie z us\u0142ug dost\u0119pnych w ramach Serwisu;<\/li>\n\n\n\n<li>\u201ereklamowe\u201d \u2013 dopasowuj\u0105ce reklamy w innych serwisach do preferencji Odwiedzaj\u0105cego;<\/li>\n\n\n\n<li>&#8222;spo\u0142eczno\u015bciowe&#8221; &#8211; wtyczki i linki do medi\u00f3w spo\u0142eczno\u015bciowych (Facebook, Instagram);<\/li>\n\n\n\n<li>&#8222;filmy&#8221; &#8211; pliki cookies zwi\u0105zane z wy\u015bwietlaniem film\u00f3w z platformy YouTube, osadzonych na naszej stronie.<\/li>\n<\/ol>\n<\/li>\n<\/ol>\n\n\n\n<h2 class=\"wp-block-heading\">Zautomatyzowane podejmowanie decyzji i profilowanie<\/h2>\n\n\n\n<ol class=\"wp-block-list\">\n<li>Dane U\u017cytkownik\u00f3w nie mog\u0105 by\u0107&nbsp;przetwarzane w zautomatyzowany spos\u00f3b tak, \u017ce na skutek tego mog\u0142yby zapa\u015b\u0107 wobec nich jakiekolwiek decyzje.<\/li>\n\n\n\n<li>Dane U\u017cytkownik\u00f3w mog\u0105 by\u0107 profilowane celem dostosowania tre\u015bci i personalizacji oferty po wyra\u017ceniu przez nich zgody.<\/li>\n<\/ol>\n\n\n\n<h2 class=\"wp-block-heading\">Postanowienia ko\u0144cowe<\/h2>\n\n\n\n<ol class=\"wp-block-list\">\n<li>Administrator ma prawo do wprowadzenia zmian w Polityce prywatno\u015bci, przy czym prawa U\u017cytkownik\u00f3w nie zostan\u0105 ograniczone.<\/li>\n\n\n\n<li>Informacja o wprowadzonych zmianach pojawi si\u0119 w formie komunikatu dost\u0119pnego w Serwisie.<\/li>\n\n\n\n<li>W sprawach nieuregulowanych w niniejszej Polityce prywatno\u015bci obowi\u0105zuj\u0105 przepisy RODO i przepisy prawa polskiego.<\/li>\n<\/ol>\n\n\n\n<p><\/p>\n","protected":false},"excerpt":{"rendered":"<p>Postanowienia og\u00f3lne Administrator danych Administratorem danych osobowych zbieranych poprzez Serwis jest:TCGN Sp. z o.o., NIP: 7011250460, REGON: 541180865, KRS: 0001161851Kontaktowy adres poczty elektronicznej:\u00a0sklep@tcgn.store\u00a0(dalej: Administrator). Cel zbierania danych osobowych Rodzaj przetwarzania danych osobowych Administrator mo\u017ce przetwarza\u0107&nbsp;dane osobowe U\u017cytkownika: adres e-mail, imi\u0119 i nazwisko, adres, nr telefonu. Okres przetwarzania danych osobowych Dane osobowe U\u017cytkownik\u00f3w b\u0119d\u0105 przetwarzane przez [&hellip;]<\/p>\n","protected":false},"author":1,"featured_media":0,"parent":22,"menu_order":0,"comment_status":"closed","ping_status":"closed","template":"","meta":{"_themeisle_gutenberg_block_has_review":false,"footnotes":""},"class_list":["post-3","page","type-page","status-publish","hentry"],"blocksy_meta":[],"yoast_head":"<!-- This site is optimized with the Yoast SEO plugin v27.4 - https:\/\/yoast.com\/product\/yoast-seo-wordpress\/ -->\n<title>Polityka prywatno\u015bci - TCGN Store<\/title>\n<meta name=\"robots\" content=\"index, follow, max-snippet:-1, max-image-preview:large, max-video-preview:-1\" \/>\n<link rel=\"canonical\" href=\"https:\/\/tcgn.store\/?page_id=3\" \/>\n<meta property=\"og:locale\" content=\"pl_PL\" \/>\n<meta property=\"og:type\" content=\"article\" \/>\n<meta property=\"og:title\" content=\"Polityka prywatno\u015bci - TCGN Store\" \/>\n<meta property=\"og:description\" content=\"Postanowienia og\u00f3lne Administrator danych Administratorem danych osobowych zbieranych poprzez Serwis jest:TCGN Sp. z o.o., NIP: 7011250460, REGON: 541180865, KRS: 0001161851Kontaktowy adres poczty elektronicznej:\u00a0sklep@tcgn.store\u00a0(dalej: Administrator). Cel zbierania danych osobowych Rodzaj przetwarzania danych osobowych Administrator mo\u017ce przetwarza\u0107&nbsp;dane osobowe U\u017cytkownika: adres e-mail, imi\u0119 i nazwisko, adres, nr telefonu. Okres przetwarzania danych osobowych Dane osobowe U\u017cytkownik\u00f3w b\u0119d\u0105 przetwarzane przez [&hellip;]\" \/>\n<meta property=\"og:url\" content=\"https:\/\/tcgn.store\/?page_id=3\" \/>\n<meta property=\"og:site_name\" content=\"TCGN Store\" \/>\n<meta property=\"article:modified_time\" content=\"2026-04-04T12:37:43+00:00\" \/>\n<meta name=\"twitter:card\" content=\"summary_large_image\" \/>\n<meta name=\"twitter:label1\" content=\"Szacowany czas czytania\" \/>\n\t<meta name=\"twitter:data1\" content=\"5 minut\" \/>\n<script type=\"application\/ld+json\" class=\"yoast-schema-graph\">{\"@context\":\"https:\\\/\\\/schema.org\",\"@graph\":[{\"@type\":\"WebPage\",\"@id\":\"https:\\\/\\\/tcgn.store\\\/?page_id=3\",\"url\":\"https:\\\/\\\/tcgn.store\\\/?page_id=3\",\"name\":\"Polityka prywatno\u015bci - TCGN Store\",\"isPartOf\":{\"@id\":\"https:\\\/\\\/tcgn.store\\\/#website\"},\"datePublished\":\"2025-12-05T20:59:57+00:00\",\"dateModified\":\"2026-04-04T12:37:43+00:00\",\"breadcrumb\":{\"@id\":\"https:\\\/\\\/tcgn.store\\\/?page_id=3#breadcrumb\"},\"inLanguage\":\"pl-PL\",\"potentialAction\":[{\"@type\":\"ReadAction\",\"target\":[\"https:\\\/\\\/tcgn.store\\\/?page_id=3\"]}]},{\"@type\":\"BreadcrumbList\",\"@id\":\"https:\\\/\\\/tcgn.store\\\/?page_id=3#breadcrumb\",\"itemListElement\":[{\"@type\":\"ListItem\",\"position\":1,\"name\":\"Strona g\u0142\u00f3wna\",\"item\":\"https:\\\/\\\/tcgn.store\\\/\"},{\"@type\":\"ListItem\",\"position\":2,\"name\":\"Strona g\u0142\u00f3wna\",\"item\":\"https:\\\/\\\/tcgn.store\\\/\"},{\"@type\":\"ListItem\",\"position\":3,\"name\":\"Polityka prywatno\u015bci\"}]},{\"@type\":\"WebSite\",\"@id\":\"https:\\\/\\\/tcgn.store\\\/#website\",\"url\":\"https:\\\/\\\/tcgn.store\\\/\",\"name\":\"TCGN Store\",\"description\":\"Oficjalny sklep TCGN\",\"potentialAction\":[{\"@type\":\"SearchAction\",\"target\":{\"@type\":\"EntryPoint\",\"urlTemplate\":\"https:\\\/\\\/tcgn.store\\\/?s={search_term_string}\"},\"query-input\":{\"@type\":\"PropertyValueSpecification\",\"valueRequired\":true,\"valueName\":\"search_term_string\"}}],\"inLanguage\":\"pl-PL\"}]}<\/script>\n<!-- \/ Yoast SEO plugin. -->","yoast_head_json":{"title":"Polityka prywatno\u015bci - TCGN Store","robots":{"index":"index","follow":"follow","max-snippet":"max-snippet:-1","max-image-preview":"max-image-preview:large","max-video-preview":"max-video-preview:-1"},"canonical":"https:\/\/tcgn.store\/?page_id=3","og_locale":"pl_PL","og_type":"article","og_title":"Polityka prywatno\u015bci - TCGN Store","og_description":"Postanowienia og\u00f3lne Administrator danych Administratorem danych osobowych zbieranych poprzez Serwis jest:TCGN Sp. z o.o., NIP: 7011250460, REGON: 541180865, KRS: 0001161851Kontaktowy adres poczty elektronicznej:\u00a0sklep@tcgn.store\u00a0(dalej: Administrator). Cel zbierania danych osobowych Rodzaj przetwarzania danych osobowych Administrator mo\u017ce przetwarza\u0107&nbsp;dane osobowe U\u017cytkownika: adres e-mail, imi\u0119 i nazwisko, adres, nr telefonu. Okres przetwarzania danych osobowych Dane osobowe U\u017cytkownik\u00f3w b\u0119d\u0105 przetwarzane przez [&hellip;]","og_url":"https:\/\/tcgn.store\/?page_id=3","og_site_name":"TCGN Store","article_modified_time":"2026-04-04T12:37:43+00:00","twitter_card":"summary_large_image","twitter_misc":{"Szacowany czas czytania":"5 minut"},"schema":{"@context":"https:\/\/schema.org","@graph":[{"@type":"WebPage","@id":"https:\/\/tcgn.store\/?page_id=3","url":"https:\/\/tcgn.store\/?page_id=3","name":"Polityka prywatno\u015bci - TCGN Store","isPartOf":{"@id":"https:\/\/tcgn.store\/#website"},"datePublished":"2025-12-05T20:59:57+00:00","dateModified":"2026-04-04T12:37:43+00:00","breadcrumb":{"@id":"https:\/\/tcgn.store\/?page_id=3#breadcrumb"},"inLanguage":"pl-PL","potentialAction":[{"@type":"ReadAction","target":["https:\/\/tcgn.store\/?page_id=3"]}]},{"@type":"BreadcrumbList","@id":"https:\/\/tcgn.store\/?page_id=3#breadcrumb","itemListElement":[{"@type":"ListItem","position":1,"name":"Strona g\u0142\u00f3wna","item":"https:\/\/tcgn.store\/"},{"@type":"ListItem","position":2,"name":"Strona g\u0142\u00f3wna","item":"https:\/\/tcgn.store\/"},{"@type":"ListItem","position":3,"name":"Polityka prywatno\u015bci"}]},{"@type":"WebSite","@id":"https:\/\/tcgn.store\/#website","url":"https:\/\/tcgn.store\/","name":"TCGN Store","description":"Oficjalny sklep TCGN","potentialAction":[{"@type":"SearchAction","target":{"@type":"EntryPoint","urlTemplate":"https:\/\/tcgn.store\/?s={search_term_string}"},"query-input":{"@type":"PropertyValueSpecification","valueRequired":true,"valueName":"search_term_string"}}],"inLanguage":"pl-PL"}]}},"_hostinger_reach_plugin_has_subscription_block":false,"_hostinger_reach_plugin_is_elementor":false,"jetpack_sharing_enabled":true,"_links":{"self":[{"href":"https:\/\/tcgn.store\/index.php?rest_route=\/wp\/v2\/pages\/3","targetHints":{"allow":["GET"]}}],"collection":[{"href":"https:\/\/tcgn.store\/index.php?rest_route=\/wp\/v2\/pages"}],"about":[{"href":"https:\/\/tcgn.store\/index.php?rest_route=\/wp\/v2\/types\/page"}],"author":[{"embeddable":true,"href":"https:\/\/tcgn.store\/index.php?rest_route=\/wp\/v2\/users\/1"}],"replies":[{"embeddable":true,"href":"https:\/\/tcgn.store\/index.php?rest_route=%2Fwp%2Fv2%2Fcomments&post=3"}],"version-history":[{"count":3,"href":"https:\/\/tcgn.store\/index.php?rest_route=\/wp\/v2\/pages\/3\/revisions"}],"predecessor-version":[{"id":353,"href":"https:\/\/tcgn.store\/index.php?rest_route=\/wp\/v2\/pages\/3\/revisions\/353"}],"up":[{"embeddable":true,"href":"https:\/\/tcgn.store\/index.php?rest_route=\/wp\/v2\/pages\/22"}],"wp:attachment":[{"href":"https:\/\/tcgn.store\/index.php?rest_route=%2Fwp%2Fv2%2Fmedia&parent=3"}],"curies":[{"name":"wp","href":"https:\/\/api.w.org\/{rel}","templated":true}]}}