{"id":370,"date":"2026-04-09T18:00:17","date_gmt":"2026-04-09T18:00:17","guid":{"rendered":"https:\/\/tcgn.store\/?post_type=product&#038;p=370"},"modified":"2026-04-10T15:11:14","modified_gmt":"2026-04-10T15:11:14","slug":"ursulas-return-booster-en","status":"publish","type":"product","link":"https:\/\/tcgn.store\/?product=ursulas-return-booster-en","title":{"rendered":"Ursula&#8217;s Return Booster (EN)"},"content":{"rendered":"<p>Booster Disney Lorcana z dodatku Ursula&#8217;s Return.<\/p>\n<p>Zawarto\u015b\u0107 paczki:<\/p>\n<ul>\n<li>Ka\u017cdy booster zawiera 12 losowych kart z setu Ursula&#8217;s Return.<\/li>\n<\/ul>\n","protected":false},"excerpt":{"rendered":"<p>Booster Disney Lorcana z dodatku Ursula&#8217;s Return.<\/p>\n<p>Zawarto\u015b\u0107 paczki:<\/p>\n<ul>\n<li>Ka\u017cdy booster zawiera 12 losowych kart z setu Ursula&#8217;s Return.<\/li>\n<\/ul>\n","protected":false},"featured_media":365,"comment_status":"open","ping_status":"closed","template":"","meta":{"_themeisle_gutenberg_block_has_review":false},"pwb-brand":[],"product_brand":[90],"product_cat":[91,25],"product_tag":[],"class_list":{"0":"post-370","1":"product","2":"type-product","3":"status-publish","4":"has-post-thumbnail","6":"product_brand-lorcana","7":"product_cat-lorcana","8":"product_cat-karcianki","10":"first","11":"instock","12":"purchasable","13":"product-type-simple"},"yoast_head":"<!-- This site is optimized with the Yoast SEO plugin v27.4 - https:\/\/yoast.com\/product\/yoast-seo-wordpress\/ -->\n<title>Ursula&#039;s Return Booster (EN) - TCGN Store<\/title>\n<meta name=\"description\" content=\"Booster Disney Lorcana z dodatku Ursula&#039;s Return. Zawarto\u015b\u0107 paczki - Ka\u017cdy booster zawiera 12 losowych kart z setu Ursula&#039;s Return.\" \/>\n<meta name=\"robots\" content=\"index, follow, max-snippet:-1, max-image-preview:large, max-video-preview:-1\" \/>\n<link rel=\"canonical\" href=\"https:\/\/tcgn.store\/?product=ursulas-return-booster-en\" \/>\n<meta property=\"og:locale\" content=\"pl_PL\" \/>\n<meta property=\"og:type\" content=\"article\" \/>\n<meta property=\"og:title\" content=\"Ursula&#039;s Return Booster (EN) - TCGN Store\" \/>\n<meta property=\"og:description\" content=\"Booster Disney Lorcana z dodatku Ursula&#039;s Return. Zawarto\u015b\u0107 paczki - Ka\u017cdy booster zawiera 12 losowych kart z setu Ursula&#039;s Return.\" \/>\n<meta property=\"og:url\" content=\"https:\/\/tcgn.store\/?product=ursulas-return-booster-en\" \/>\n<meta property=\"og:site_name\" content=\"TCGN Store\" \/>\n<meta property=\"article:modified_time\" content=\"2026-04-10T15:11:14+00:00\" \/>\n<meta property=\"og:image\" content=\"https:\/\/tcgn.store\/wp-content\/uploads\/2026\/04\/DLO-URE-Booster.jpg\" \/>\n\t<meta property=\"og:image:width\" content=\"819\" \/>\n\t<meta property=\"og:image:height\" content=\"1423\" \/>\n\t<meta property=\"og:image:type\" content=\"image\/jpeg\" \/>\n<meta name=\"twitter:card\" content=\"summary_large_image\" \/>\n<meta name=\"twitter:label1\" content=\"Szacowany czas czytania\" \/>\n\t<meta name=\"twitter:data1\" content=\"1 minuta\" \/>\n<script type=\"application\/ld+json\" class=\"yoast-schema-graph\">{\"@context\":\"https:\\\/\\\/schema.org\",\"@graph\":[{\"@type\":\"WebPage\",\"@id\":\"https:\\\/\\\/tcgn.store\\\/?product=ursulas-return-booster-en\",\"url\":\"https:\\\/\\\/tcgn.store\\\/?product=ursulas-return-booster-en\",\"name\":\"Ursula's Return Booster (EN) - TCGN Store\",\"isPartOf\":{\"@id\":\"https:\\\/\\\/tcgn.store\\\/#website\"},\"primaryImageOfPage\":{\"@id\":\"https:\\\/\\\/tcgn.store\\\/?product=ursulas-return-booster-en#primaryimage\"},\"image\":{\"@id\":\"https:\\\/\\\/tcgn.store\\\/?product=ursulas-return-booster-en#primaryimage\"},\"thumbnailUrl\":\"https:\\\/\\\/tcgn.store\\\/wp-content\\\/uploads\\\/2026\\\/04\\\/DLO-URE-Booster.jpg\",\"datePublished\":\"2026-04-09T18:00:17+00:00\",\"dateModified\":\"2026-04-10T15:11:14+00:00\",\"description\":\"Booster Disney Lorcana z dodatku Ursula's Return. Zawarto\u015b\u0107 paczki - Ka\u017cdy booster zawiera 12 losowych kart z setu Ursula's Return.\",\"breadcrumb\":{\"@id\":\"https:\\\/\\\/tcgn.store\\\/?product=ursulas-return-booster-en#breadcrumb\"},\"inLanguage\":\"pl-PL\",\"potentialAction\":[{\"@type\":\"ReadAction\",\"target\":[\"https:\\\/\\\/tcgn.store\\\/?product=ursulas-return-booster-en\"]}]},{\"@type\":\"ImageObject\",\"inLanguage\":\"pl-PL\",\"@id\":\"https:\\\/\\\/tcgn.store\\\/?product=ursulas-return-booster-en#primaryimage\",\"url\":\"https:\\\/\\\/tcgn.store\\\/wp-content\\\/uploads\\\/2026\\\/04\\\/DLO-URE-Booster.jpg\",\"contentUrl\":\"https:\\\/\\\/tcgn.store\\\/wp-content\\\/uploads\\\/2026\\\/04\\\/DLO-URE-Booster.jpg\",\"width\":819,\"height\":1423},{\"@type\":\"BreadcrumbList\",\"@id\":\"https:\\\/\\\/tcgn.store\\\/?product=ursulas-return-booster-en#breadcrumb\",\"itemListElement\":[{\"@type\":\"ListItem\",\"position\":1,\"name\":\"Strona g\u0142\u00f3wna\",\"item\":\"https:\\\/\\\/tcgn.store\\\/\"},{\"@type\":\"ListItem\",\"position\":2,\"name\":\"Sklep\",\"item\":\"https:\\\/\\\/tcgn.store\\\/?page_id=21\"},{\"@type\":\"ListItem\",\"position\":3,\"name\":\"Ursula&#8217;s Return Booster (EN)\"}]},{\"@type\":\"WebSite\",\"@id\":\"https:\\\/\\\/tcgn.store\\\/#website\",\"url\":\"https:\\\/\\\/tcgn.store\\\/\",\"name\":\"TCGN Store\",\"description\":\"Oficjalny sklep TCGN\",\"potentialAction\":[{\"@type\":\"SearchAction\",\"target\":{\"@type\":\"EntryPoint\",\"urlTemplate\":\"https:\\\/\\\/tcgn.store\\\/?s={search_term_string}\"},\"query-input\":{\"@type\":\"PropertyValueSpecification\",\"valueRequired\":true,\"valueName\":\"search_term_string\"}}],\"inLanguage\":\"pl-PL\"}]}<\/script>\n<!-- \/ Yoast SEO plugin. -->","yoast_head_json":{"title":"Ursula's Return Booster (EN) - TCGN Store","description":"Booster Disney Lorcana z dodatku Ursula's Return. Zawarto\u015b\u0107 paczki - Ka\u017cdy booster zawiera 12 losowych kart z setu Ursula's Return.","robots":{"index":"index","follow":"follow","max-snippet":"max-snippet:-1","max-image-preview":"max-image-preview:large","max-video-preview":"max-video-preview:-1"},"canonical":"https:\/\/tcgn.store\/?product=ursulas-return-booster-en","og_locale":"pl_PL","og_type":"article","og_title":"Ursula's Return Booster (EN) - TCGN Store","og_description":"Booster Disney Lorcana z dodatku Ursula's Return. Zawarto\u015b\u0107 paczki - Ka\u017cdy booster zawiera 12 losowych kart z setu Ursula's Return.","og_url":"https:\/\/tcgn.store\/?product=ursulas-return-booster-en","og_site_name":"TCGN Store","article_modified_time":"2026-04-10T15:11:14+00:00","og_image":[{"width":819,"height":1423,"url":"https:\/\/tcgn.store\/wp-content\/uploads\/2026\/04\/DLO-URE-Booster.jpg","type":"image\/jpeg"}],"twitter_card":"summary_large_image","twitter_misc":{"Szacowany czas czytania":"1 minuta"},"schema":{"@context":"https:\/\/schema.org","@graph":[{"@type":"WebPage","@id":"https:\/\/tcgn.store\/?product=ursulas-return-booster-en","url":"https:\/\/tcgn.store\/?product=ursulas-return-booster-en","name":"Ursula's Return Booster (EN) - TCGN Store","isPartOf":{"@id":"https:\/\/tcgn.store\/#website"},"primaryImageOfPage":{"@id":"https:\/\/tcgn.store\/?product=ursulas-return-booster-en#primaryimage"},"image":{"@id":"https:\/\/tcgn.store\/?product=ursulas-return-booster-en#primaryimage"},"thumbnailUrl":"https:\/\/tcgn.store\/wp-content\/uploads\/2026\/04\/DLO-URE-Booster.jpg","datePublished":"2026-04-09T18:00:17+00:00","dateModified":"2026-04-10T15:11:14+00:00","description":"Booster Disney Lorcana z dodatku Ursula's Return. Zawarto\u015b\u0107 paczki - Ka\u017cdy booster zawiera 12 losowych kart z setu Ursula's Return.","breadcrumb":{"@id":"https:\/\/tcgn.store\/?product=ursulas-return-booster-en#breadcrumb"},"inLanguage":"pl-PL","potentialAction":[{"@type":"ReadAction","target":["https:\/\/tcgn.store\/?product=ursulas-return-booster-en"]}]},{"@type":"ImageObject","inLanguage":"pl-PL","@id":"https:\/\/tcgn.store\/?product=ursulas-return-booster-en#primaryimage","url":"https:\/\/tcgn.store\/wp-content\/uploads\/2026\/04\/DLO-URE-Booster.jpg","contentUrl":"https:\/\/tcgn.store\/wp-content\/uploads\/2026\/04\/DLO-URE-Booster.jpg","width":819,"height":1423},{"@type":"BreadcrumbList","@id":"https:\/\/tcgn.store\/?product=ursulas-return-booster-en#breadcrumb","itemListElement":[{"@type":"ListItem","position":1,"name":"Strona g\u0142\u00f3wna","item":"https:\/\/tcgn.store\/"},{"@type":"ListItem","position":2,"name":"Sklep","item":"https:\/\/tcgn.store\/?page_id=21"},{"@type":"ListItem","position":3,"name":"Ursula&#8217;s Return Booster (EN)"}]},{"@type":"WebSite","@id":"https:\/\/tcgn.store\/#website","url":"https:\/\/tcgn.store\/","name":"TCGN Store","description":"Oficjalny sklep TCGN","potentialAction":[{"@type":"SearchAction","target":{"@type":"EntryPoint","urlTemplate":"https:\/\/tcgn.store\/?s={search_term_string}"},"query-input":{"@type":"PropertyValueSpecification","valueRequired":true,"valueName":"search_term_string"}}],"inLanguage":"pl-PL"}]}},"jetpack_sharing_enabled":true,"brands":[],"_links":{"self":[{"href":"https:\/\/tcgn.store\/index.php?rest_route=\/wp\/v2\/product\/370","targetHints":{"allow":["GET"]}}],"collection":[{"href":"https:\/\/tcgn.store\/index.php?rest_route=\/wp\/v2\/product"}],"about":[{"href":"https:\/\/tcgn.store\/index.php?rest_route=\/wp\/v2\/types\/product"}],"replies":[{"embeddable":true,"href":"https:\/\/tcgn.store\/index.php?rest_route=%2Fwp%2Fv2%2Fcomments&post=370"}],"wp:featuredmedia":[{"embeddable":true,"href":"https:\/\/tcgn.store\/index.php?rest_route=\/wp\/v2\/media\/365"}],"wp:attachment":[{"href":"https:\/\/tcgn.store\/index.php?rest_route=%2Fwp%2Fv2%2Fmedia&parent=370"}],"wp:term":[{"taxonomy":"pwb-brand","embeddable":true,"href":"https:\/\/tcgn.store\/index.php?rest_route=%2Fwp%2Fv2%2Fpwb-brand&post=370"},{"taxonomy":"product_brand","embeddable":true,"href":"https:\/\/tcgn.store\/index.php?rest_route=%2Fwp%2Fv2%2Fproduct_brand&post=370"},{"taxonomy":"product_cat","embeddable":true,"href":"https:\/\/tcgn.store\/index.php?rest_route=%2Fwp%2Fv2%2Fproduct_cat&post=370"},{"taxonomy":"product_tag","embeddable":true,"href":"https:\/\/tcgn.store\/index.php?rest_route=%2Fwp%2Fv2%2Fproduct_tag&post=370"}],"curies":[{"name":"wp","href":"https:\/\/api.w.org\/{rel}","templated":true}]}}