{"id":467,"date":"2026-04-18T11:38:51","date_gmt":"2026-04-18T11:38:51","guid":{"rendered":"https:\/\/tcgn.store\/?post_type=product&#038;p=467"},"modified":"2026-04-18T11:45:13","modified_gmt":"2026-04-18T11:45:13","slug":"shrouded-fable-kingambit-illustration-collection-en-uszkodzone-opakowanie","status":"publish","type":"product","link":"https:\/\/tcgn.store\/?product=shrouded-fable-kingambit-illustration-collection-en-uszkodzone-opakowanie","title":{"rendered":"Shrouded Fable: Kingambit Illustration Collection (EN) [Uszkodzone opakowanie]"},"content":{"rendered":"<p>Uwaga: opakowanie produktu jest uszkodzone &#8211; zawarto\u015b\u0107 jest kompletna i nie ma uszkodze\u0144. Zdj\u0119cia na karcie produktu<\/p>\n<p>Shrouded Fable: Kingambit Illustration Collection<\/p>\n<p>Zawarto\u015b\u0107 opakowania:<\/p>\n<ul>\n<li>4 boostery Scarlet &amp; Violet &#8211; Shrouded Fable\n<ul>\n<li>Ka\u017cdy booster zawiera 10 losowych kart z setu Shrouded Fable oraz kod do gry Pok\u00e9mon TCG Online.<\/li>\n<\/ul>\n<\/li>\n<li>Karta Promo Illustration Rare Kingambit (SVP 130)<\/li>\n<li>Karty Pawniard i Bisharp w wersjach holo<\/li>\n<\/ul>\n","protected":false},"excerpt":{"rendered":"<p>Uwaga: opakowanie produktu jest uszkodzone &#8211; zawarto\u015b\u0107 jest kompletna i nie ma uszkodze\u0144. Zdj\u0119cia na karcie produktu<\/p>\n<p>Shrouded Fable: Kingambit Illustration Collection<\/p>\n<p>Zawarto\u015b\u0107 opakowania:<\/p>\n<ul>\n<li>4 boostery Scarlet &amp; Violet &#8211; Shrouded Fable\n<ul>\n<li>Ka\u017cdy booster zawiera 10 losowych kart z setu Shrouded Fable oraz kod do gry Pok\u00e9mon TCG Online.<\/li>\n<\/ul>\n<\/li>\n<li>Karta Promo Illustration Rare Kingambit (SVP 130)<\/li>\n<li>Karty Pawniard i Bisharp w wersjach holo<\/li>\n<\/ul>\n","protected":false},"featured_media":468,"comment_status":"open","ping_status":"closed","template":"","meta":{"_themeisle_gutenberg_block_has_review":false},"pwb-brand":[],"product_brand":[22],"product_cat":[25,26],"product_tag":[],"class_list":{"0":"post-467","1":"product","2":"type-product","3":"status-publish","4":"has-post-thumbnail","6":"product_brand-pokemon-tcg","7":"product_cat-karcianki","8":"product_cat-pokemon-tcg","10":"first","11":"instock","12":"taxable","13":"shipping-taxable","14":"purchasable","15":"product-type-simple"},"yoast_head":"<!-- This site is optimized with the Yoast SEO plugin v27.4 - https:\/\/yoast.com\/product\/yoast-seo-wordpress\/ -->\n<title>Shrouded Fable: Kingambit Illustration Collection (EN) [Uszkodzone opakowanie] - TCGN Store<\/title>\n<meta name=\"description\" content=\"Shrouded Fable: Kingambit Illustration Collection. Zawarto\u015b\u0107 opakowania - 4 boostery z setu Shrouded Fable, karta Promo Illustration Rare Kingambit...\" \/>\n<meta name=\"robots\" content=\"index, follow, max-snippet:-1, max-image-preview:large, max-video-preview:-1\" \/>\n<link rel=\"canonical\" href=\"https:\/\/tcgn.store\/?product=shrouded-fable-kingambit-illustration-collection-en-uszkodzone-opakowanie\" \/>\n<meta property=\"og:locale\" content=\"pl_PL\" \/>\n<meta property=\"og:type\" content=\"article\" \/>\n<meta property=\"og:title\" content=\"Shrouded Fable: Kingambit Illustration Collection (EN) [Uszkodzone opakowanie] - TCGN Store\" \/>\n<meta property=\"og:description\" content=\"Shrouded Fable: Kingambit Illustration Collection. Zawarto\u015b\u0107 opakowania - 4 boostery z setu Shrouded Fable, karta Promo Illustration Rare Kingambit...\" \/>\n<meta property=\"og:url\" content=\"https:\/\/tcgn.store\/?product=shrouded-fable-kingambit-illustration-collection-en-uszkodzone-opakowanie\" \/>\n<meta property=\"og:site_name\" content=\"TCGN Store\" \/>\n<meta property=\"article:modified_time\" content=\"2026-04-18T11:45:13+00:00\" \/>\n<meta property=\"og:image\" content=\"https:\/\/tcgn.store\/wp-content\/uploads\/2026\/04\/SV-SFA-Kingambit-Illustration-Collection.png\" \/>\n\t<meta property=\"og:image:width\" content=\"337\" \/>\n\t<meta property=\"og:image:height\" content=\"420\" \/>\n\t<meta property=\"og:image:type\" content=\"image\/png\" \/>\n<meta name=\"twitter:card\" content=\"summary_large_image\" \/>\n<meta name=\"twitter:label1\" content=\"Szacowany czas czytania\" \/>\n\t<meta name=\"twitter:data1\" content=\"1 minuta\" \/>\n<script type=\"application\/ld+json\" class=\"yoast-schema-graph\">{\"@context\":\"https:\\\/\\\/schema.org\",\"@graph\":[{\"@type\":\"WebPage\",\"@id\":\"https:\\\/\\\/tcgn.store\\\/?product=shrouded-fable-kingambit-illustration-collection-en-uszkodzone-opakowanie\",\"url\":\"https:\\\/\\\/tcgn.store\\\/?product=shrouded-fable-kingambit-illustration-collection-en-uszkodzone-opakowanie\",\"name\":\"Shrouded Fable: Kingambit Illustration Collection (EN) [Uszkodzone opakowanie] - TCGN Store\",\"isPartOf\":{\"@id\":\"https:\\\/\\\/tcgn.store\\\/#website\"},\"primaryImageOfPage\":{\"@id\":\"https:\\\/\\\/tcgn.store\\\/?product=shrouded-fable-kingambit-illustration-collection-en-uszkodzone-opakowanie#primaryimage\"},\"image\":{\"@id\":\"https:\\\/\\\/tcgn.store\\\/?product=shrouded-fable-kingambit-illustration-collection-en-uszkodzone-opakowanie#primaryimage\"},\"thumbnailUrl\":\"https:\\\/\\\/tcgn.store\\\/wp-content\\\/uploads\\\/2026\\\/04\\\/SV-SFA-Kingambit-Illustration-Collection.png\",\"datePublished\":\"2026-04-18T11:38:51+00:00\",\"dateModified\":\"2026-04-18T11:45:13+00:00\",\"description\":\"Shrouded Fable: Kingambit Illustration Collection. Zawarto\u015b\u0107 opakowania - 4 boostery z setu Shrouded Fable, karta Promo Illustration Rare Kingambit...\",\"breadcrumb\":{\"@id\":\"https:\\\/\\\/tcgn.store\\\/?product=shrouded-fable-kingambit-illustration-collection-en-uszkodzone-opakowanie#breadcrumb\"},\"inLanguage\":\"pl-PL\",\"potentialAction\":[{\"@type\":\"ReadAction\",\"target\":[\"https:\\\/\\\/tcgn.store\\\/?product=shrouded-fable-kingambit-illustration-collection-en-uszkodzone-opakowanie\"]}]},{\"@type\":\"ImageObject\",\"inLanguage\":\"pl-PL\",\"@id\":\"https:\\\/\\\/tcgn.store\\\/?product=shrouded-fable-kingambit-illustration-collection-en-uszkodzone-opakowanie#primaryimage\",\"url\":\"https:\\\/\\\/tcgn.store\\\/wp-content\\\/uploads\\\/2026\\\/04\\\/SV-SFA-Kingambit-Illustration-Collection.png\",\"contentUrl\":\"https:\\\/\\\/tcgn.store\\\/wp-content\\\/uploads\\\/2026\\\/04\\\/SV-SFA-Kingambit-Illustration-Collection.png\",\"width\":337,\"height\":420},{\"@type\":\"BreadcrumbList\",\"@id\":\"https:\\\/\\\/tcgn.store\\\/?product=shrouded-fable-kingambit-illustration-collection-en-uszkodzone-opakowanie#breadcrumb\",\"itemListElement\":[{\"@type\":\"ListItem\",\"position\":1,\"name\":\"Strona g\u0142\u00f3wna\",\"item\":\"https:\\\/\\\/tcgn.store\\\/\"},{\"@type\":\"ListItem\",\"position\":2,\"name\":\"Sklep\",\"item\":\"https:\\\/\\\/tcgn.store\\\/?page_id=21\"},{\"@type\":\"ListItem\",\"position\":3,\"name\":\"Shrouded Fable: Kingambit Illustration Collection (EN) [Uszkodzone opakowanie]\"}]},{\"@type\":\"WebSite\",\"@id\":\"https:\\\/\\\/tcgn.store\\\/#website\",\"url\":\"https:\\\/\\\/tcgn.store\\\/\",\"name\":\"TCGN Store\",\"description\":\"Oficjalny sklep TCGN\",\"potentialAction\":[{\"@type\":\"SearchAction\",\"target\":{\"@type\":\"EntryPoint\",\"urlTemplate\":\"https:\\\/\\\/tcgn.store\\\/?s={search_term_string}\"},\"query-input\":{\"@type\":\"PropertyValueSpecification\",\"valueRequired\":true,\"valueName\":\"search_term_string\"}}],\"inLanguage\":\"pl-PL\"}]}<\/script>\n<!-- \/ Yoast SEO plugin. -->","yoast_head_json":{"title":"Shrouded Fable: Kingambit Illustration Collection (EN) [Uszkodzone opakowanie] - TCGN Store","description":"Shrouded Fable: Kingambit Illustration Collection. Zawarto\u015b\u0107 opakowania - 4 boostery z setu Shrouded Fable, karta Promo Illustration Rare Kingambit...","robots":{"index":"index","follow":"follow","max-snippet":"max-snippet:-1","max-image-preview":"max-image-preview:large","max-video-preview":"max-video-preview:-1"},"canonical":"https:\/\/tcgn.store\/?product=shrouded-fable-kingambit-illustration-collection-en-uszkodzone-opakowanie","og_locale":"pl_PL","og_type":"article","og_title":"Shrouded Fable: Kingambit Illustration Collection (EN) [Uszkodzone opakowanie] - TCGN Store","og_description":"Shrouded Fable: Kingambit Illustration Collection. Zawarto\u015b\u0107 opakowania - 4 boostery z setu Shrouded Fable, karta Promo Illustration Rare Kingambit...","og_url":"https:\/\/tcgn.store\/?product=shrouded-fable-kingambit-illustration-collection-en-uszkodzone-opakowanie","og_site_name":"TCGN Store","article_modified_time":"2026-04-18T11:45:13+00:00","og_image":[{"width":337,"height":420,"url":"https:\/\/tcgn.store\/wp-content\/uploads\/2026\/04\/SV-SFA-Kingambit-Illustration-Collection.png","type":"image\/png"}],"twitter_card":"summary_large_image","twitter_misc":{"Szacowany czas czytania":"1 minuta"},"schema":{"@context":"https:\/\/schema.org","@graph":[{"@type":"WebPage","@id":"https:\/\/tcgn.store\/?product=shrouded-fable-kingambit-illustration-collection-en-uszkodzone-opakowanie","url":"https:\/\/tcgn.store\/?product=shrouded-fable-kingambit-illustration-collection-en-uszkodzone-opakowanie","name":"Shrouded Fable: Kingambit Illustration Collection (EN) [Uszkodzone opakowanie] - TCGN Store","isPartOf":{"@id":"https:\/\/tcgn.store\/#website"},"primaryImageOfPage":{"@id":"https:\/\/tcgn.store\/?product=shrouded-fable-kingambit-illustration-collection-en-uszkodzone-opakowanie#primaryimage"},"image":{"@id":"https:\/\/tcgn.store\/?product=shrouded-fable-kingambit-illustration-collection-en-uszkodzone-opakowanie#primaryimage"},"thumbnailUrl":"https:\/\/tcgn.store\/wp-content\/uploads\/2026\/04\/SV-SFA-Kingambit-Illustration-Collection.png","datePublished":"2026-04-18T11:38:51+00:00","dateModified":"2026-04-18T11:45:13+00:00","description":"Shrouded Fable: Kingambit Illustration Collection. Zawarto\u015b\u0107 opakowania - 4 boostery z setu Shrouded Fable, karta Promo Illustration Rare Kingambit...","breadcrumb":{"@id":"https:\/\/tcgn.store\/?product=shrouded-fable-kingambit-illustration-collection-en-uszkodzone-opakowanie#breadcrumb"},"inLanguage":"pl-PL","potentialAction":[{"@type":"ReadAction","target":["https:\/\/tcgn.store\/?product=shrouded-fable-kingambit-illustration-collection-en-uszkodzone-opakowanie"]}]},{"@type":"ImageObject","inLanguage":"pl-PL","@id":"https:\/\/tcgn.store\/?product=shrouded-fable-kingambit-illustration-collection-en-uszkodzone-opakowanie#primaryimage","url":"https:\/\/tcgn.store\/wp-content\/uploads\/2026\/04\/SV-SFA-Kingambit-Illustration-Collection.png","contentUrl":"https:\/\/tcgn.store\/wp-content\/uploads\/2026\/04\/SV-SFA-Kingambit-Illustration-Collection.png","width":337,"height":420},{"@type":"BreadcrumbList","@id":"https:\/\/tcgn.store\/?product=shrouded-fable-kingambit-illustration-collection-en-uszkodzone-opakowanie#breadcrumb","itemListElement":[{"@type":"ListItem","position":1,"name":"Strona g\u0142\u00f3wna","item":"https:\/\/tcgn.store\/"},{"@type":"ListItem","position":2,"name":"Sklep","item":"https:\/\/tcgn.store\/?page_id=21"},{"@type":"ListItem","position":3,"name":"Shrouded Fable: Kingambit Illustration Collection (EN) [Uszkodzone opakowanie]"}]},{"@type":"WebSite","@id":"https:\/\/tcgn.store\/#website","url":"https:\/\/tcgn.store\/","name":"TCGN Store","description":"Oficjalny sklep TCGN","potentialAction":[{"@type":"SearchAction","target":{"@type":"EntryPoint","urlTemplate":"https:\/\/tcgn.store\/?s={search_term_string}"},"query-input":{"@type":"PropertyValueSpecification","valueRequired":true,"valueName":"search_term_string"}}],"inLanguage":"pl-PL"}]}},"jetpack_sharing_enabled":true,"brands":[],"_links":{"self":[{"href":"https:\/\/tcgn.store\/index.php?rest_route=\/wp\/v2\/product\/467","targetHints":{"allow":["GET"]}}],"collection":[{"href":"https:\/\/tcgn.store\/index.php?rest_route=\/wp\/v2\/product"}],"about":[{"href":"https:\/\/tcgn.store\/index.php?rest_route=\/wp\/v2\/types\/product"}],"replies":[{"embeddable":true,"href":"https:\/\/tcgn.store\/index.php?rest_route=%2Fwp%2Fv2%2Fcomments&post=467"}],"wp:featuredmedia":[{"embeddable":true,"href":"https:\/\/tcgn.store\/index.php?rest_route=\/wp\/v2\/media\/468"}],"wp:attachment":[{"href":"https:\/\/tcgn.store\/index.php?rest_route=%2Fwp%2Fv2%2Fmedia&parent=467"}],"wp:term":[{"taxonomy":"pwb-brand","embeddable":true,"href":"https:\/\/tcgn.store\/index.php?rest_route=%2Fwp%2Fv2%2Fpwb-brand&post=467"},{"taxonomy":"product_brand","embeddable":true,"href":"https:\/\/tcgn.store\/index.php?rest_route=%2Fwp%2Fv2%2Fproduct_brand&post=467"},{"taxonomy":"product_cat","embeddable":true,"href":"https:\/\/tcgn.store\/index.php?rest_route=%2Fwp%2Fv2%2Fproduct_cat&post=467"},{"taxonomy":"product_tag","embeddable":true,"href":"https:\/\/tcgn.store\/index.php?rest_route=%2Fwp%2Fv2%2Fproduct_tag&post=467"}],"curies":[{"name":"wp","href":"https:\/\/api.w.org\/{rel}","templated":true}]}}