{"id":515,"date":"2026-04-30T16:25:51","date_gmt":"2026-04-30T16:25:51","guid":{"rendered":"https:\/\/tcgn.store\/?post_type=product&#038;p=515"},"modified":"2026-04-30T16:51:29","modified_gmt":"2026-04-30T16:51:29","slug":"pokemon-tcg-gem-pack-vol-5-booster-box-ch","status":"publish","type":"product","link":"https:\/\/tcgn.store\/?product=pokemon-tcg-gem-pack-vol-5-booster-box-ch","title":{"rendered":"Pok\u00e9mon TCG &#8211; Gem Pack Vol. 5 Booster Box [CH]"},"content":{"rendered":"<p>Oryginalny Chi\u0144ski produkt Pok\u00e9mon TCG.<\/p>\n<p><strong>Booster Box z setu Gem Pack Vol. 5<\/strong><\/p>\n<p>W opakowaniu znajdziecie <strong>18 booster\u00f3w<\/strong> z serii Gem Pack Vol. 5.<\/p>\n<p>W ka\u017cdym z booster\u00f3w znajdziecie po 4 karty &#8211; wszystkie w wersjach holo!<\/p>\n<p>Gem Pack Vol. 5 bezpo\u015brednio nawi\u0105zuje do Gem Pack Vol. 1. Masz szans\u0119 znale\u017a\u0107 w nim a\u017c <strong>4 ekskluzywne dla Chin karty<\/strong>:<\/p>\n<p><img loading=\"lazy\" decoding=\"async\" class=\"alignnone size-medium wp-image-523\" src=\"https:\/\/tcgn.store\/wp-content\/uploads\/2026\/04\/Friede-Pikachu-215x300.webp\" alt=\"\" width=\"215\" height=\"300\" srcset=\"https:\/\/tcgn.store\/wp-content\/uploads\/2026\/04\/Friede-Pikachu-215x300.webp 215w, https:\/\/tcgn.store\/wp-content\/uploads\/2026\/04\/Friede-Pikachu-733x1024.webp 733w, https:\/\/tcgn.store\/wp-content\/uploads\/2026\/04\/Friede-Pikachu-768x1072.webp 768w, https:\/\/tcgn.store\/wp-content\/uploads\/2026\/04\/Friede-Pikachu-600x838.webp 600w, https:\/\/tcgn.store\/wp-content\/uploads\/2026\/04\/Friede-Pikachu.webp 868w\" sizes=\"auto, (max-width: 215px) 100vw, 215px\" \/> <img loading=\"lazy\" decoding=\"async\" class=\"alignnone size-medium wp-image-524\" src=\"https:\/\/tcgn.store\/wp-content\/uploads\/2026\/04\/Fuecoco-Roy-215x300.webp\" alt=\"\" width=\"215\" height=\"300\" srcset=\"https:\/\/tcgn.store\/wp-content\/uploads\/2026\/04\/Fuecoco-Roy-215x300.webp 215w, https:\/\/tcgn.store\/wp-content\/uploads\/2026\/04\/Fuecoco-Roy-733x1024.webp 733w, https:\/\/tcgn.store\/wp-content\/uploads\/2026\/04\/Fuecoco-Roy-768x1072.webp 768w, https:\/\/tcgn.store\/wp-content\/uploads\/2026\/04\/Fuecoco-Roy-600x838.webp 600w, https:\/\/tcgn.store\/wp-content\/uploads\/2026\/04\/Fuecoco-Roy.webp 868w\" sizes=\"auto, (max-width: 215px) 100vw, 215px\" \/> <img loading=\"lazy\" decoding=\"async\" class=\"alignnone size-medium wp-image-525\" src=\"https:\/\/tcgn.store\/wp-content\/uploads\/2026\/04\/Liko-Floragato-215x300.webp\" alt=\"\" width=\"215\" height=\"300\" srcset=\"https:\/\/tcgn.store\/wp-content\/uploads\/2026\/04\/Liko-Floragato-215x300.webp 215w, https:\/\/tcgn.store\/wp-content\/uploads\/2026\/04\/Liko-Floragato-733x1024.webp 733w, https:\/\/tcgn.store\/wp-content\/uploads\/2026\/04\/Liko-Floragato-768x1072.webp 768w, https:\/\/tcgn.store\/wp-content\/uploads\/2026\/04\/Liko-Floragato-600x838.webp 600w, https:\/\/tcgn.store\/wp-content\/uploads\/2026\/04\/Liko-Floragato.webp 868w\" sizes=\"auto, (max-width: 215px) 100vw, 215px\" \/> <img loading=\"lazy\" decoding=\"async\" class=\"alignnone size-medium wp-image-526\" src=\"https:\/\/tcgn.store\/wp-content\/uploads\/2026\/04\/Dot-Quaxwell-215x300.webp\" alt=\"\" width=\"215\" height=\"300\" srcset=\"https:\/\/tcgn.store\/wp-content\/uploads\/2026\/04\/Dot-Quaxwell-215x300.webp 215w, https:\/\/tcgn.store\/wp-content\/uploads\/2026\/04\/Dot-Quaxwell-733x1024.webp 733w, https:\/\/tcgn.store\/wp-content\/uploads\/2026\/04\/Dot-Quaxwell-768x1072.webp 768w, https:\/\/tcgn.store\/wp-content\/uploads\/2026\/04\/Dot-Quaxwell-600x838.webp 600w, https:\/\/tcgn.store\/wp-content\/uploads\/2026\/04\/Dot-Quaxwell.webp 868w\" sizes=\"auto, (max-width: 215px) 100vw, 215px\" \/><\/p>\n<p>Dodatkowo masz szans\u0119 na trafienie znanych z angloj\u0119zycznych booster\u00f3w kart illustration rare:<\/p>\n<p><img loading=\"lazy\" decoding=\"async\" class=\"alignnone size-medium wp-image-522\" src=\"https:\/\/tcgn.store\/wp-content\/uploads\/2026\/04\/Gem-Pack-Vol-5-Simplified-Chinese-Pokemon-PokiPair-Store-Ireland-Card-15-220x300.png\" alt=\"\" width=\"220\" height=\"300\" srcset=\"https:\/\/tcgn.store\/wp-content\/uploads\/2026\/04\/Gem-Pack-Vol-5-Simplified-Chinese-Pokemon-PokiPair-Store-Ireland-Card-15-220x300.png 220w, https:\/\/tcgn.store\/wp-content\/uploads\/2026\/04\/Gem-Pack-Vol-5-Simplified-Chinese-Pokemon-PokiPair-Store-Ireland-Card-15-752x1024.png 752w, https:\/\/tcgn.store\/wp-content\/uploads\/2026\/04\/Gem-Pack-Vol-5-Simplified-Chinese-Pokemon-PokiPair-Store-Ireland-Card-15-768x1045.png 768w, https:\/\/tcgn.store\/wp-content\/uploads\/2026\/04\/Gem-Pack-Vol-5-Simplified-Chinese-Pokemon-PokiPair-Store-Ireland-Card-15-600x816.png 600w, https:\/\/tcgn.store\/wp-content\/uploads\/2026\/04\/Gem-Pack-Vol-5-Simplified-Chinese-Pokemon-PokiPair-Store-Ireland-Card-15.png 970w\" sizes=\"auto, (max-width: 220px) 100vw, 220px\" \/> <img loading=\"lazy\" decoding=\"async\" class=\"alignnone size-medium wp-image-521\" src=\"https:\/\/tcgn.store\/wp-content\/uploads\/2026\/04\/Gem-Pack-Vol-5-Simplified-Chinese-Pokemon-PokiPair-Store-Ireland-Card-14-220x300.png\" alt=\"\" width=\"220\" height=\"300\" srcset=\"https:\/\/tcgn.store\/wp-content\/uploads\/2026\/04\/Gem-Pack-Vol-5-Simplified-Chinese-Pokemon-PokiPair-Store-Ireland-Card-14-220x300.png 220w, https:\/\/tcgn.store\/wp-content\/uploads\/2026\/04\/Gem-Pack-Vol-5-Simplified-Chinese-Pokemon-PokiPair-Store-Ireland-Card-14-752x1024.png 752w, https:\/\/tcgn.store\/wp-content\/uploads\/2026\/04\/Gem-Pack-Vol-5-Simplified-Chinese-Pokemon-PokiPair-Store-Ireland-Card-14-768x1045.png 768w, https:\/\/tcgn.store\/wp-content\/uploads\/2026\/04\/Gem-Pack-Vol-5-Simplified-Chinese-Pokemon-PokiPair-Store-Ireland-Card-14-600x816.png 600w, https:\/\/tcgn.store\/wp-content\/uploads\/2026\/04\/Gem-Pack-Vol-5-Simplified-Chinese-Pokemon-PokiPair-Store-Ireland-Card-14.png 970w\" sizes=\"auto, (max-width: 220px) 100vw, 220px\" \/> <img loading=\"lazy\" decoding=\"async\" class=\"alignnone size-medium wp-image-520\" src=\"https:\/\/tcgn.store\/wp-content\/uploads\/2026\/04\/Gem-Pack-Vol-5-Simplified-Chinese-Pokemon-PokiPair-Store-Ireland-Card-13-220x300.webp\" alt=\"\" width=\"220\" height=\"300\" srcset=\"https:\/\/tcgn.store\/wp-content\/uploads\/2026\/04\/Gem-Pack-Vol-5-Simplified-Chinese-Pokemon-PokiPair-Store-Ireland-Card-13-220x300.webp 220w, https:\/\/tcgn.store\/wp-content\/uploads\/2026\/04\/Gem-Pack-Vol-5-Simplified-Chinese-Pokemon-PokiPair-Store-Ireland-Card-13-752x1024.webp 752w, https:\/\/tcgn.store\/wp-content\/uploads\/2026\/04\/Gem-Pack-Vol-5-Simplified-Chinese-Pokemon-PokiPair-Store-Ireland-Card-13-768x1045.webp 768w, https:\/\/tcgn.store\/wp-content\/uploads\/2026\/04\/Gem-Pack-Vol-5-Simplified-Chinese-Pokemon-PokiPair-Store-Ireland-Card-13-600x816.webp 600w, https:\/\/tcgn.store\/wp-content\/uploads\/2026\/04\/Gem-Pack-Vol-5-Simplified-Chinese-Pokemon-PokiPair-Store-Ireland-Card-13.webp 970w\" sizes=\"auto, (max-width: 220px) 100vw, 220px\" \/> <img loading=\"lazy\" decoding=\"async\" class=\"alignnone size-medium wp-image-519\" src=\"https:\/\/tcgn.store\/wp-content\/uploads\/2026\/04\/Gem-Pack-Vol-5-Simplified-Chinese-Pokemon-PokiPair-Store-Ireland-Card-12-220x300.png\" alt=\"\" width=\"220\" height=\"300\" srcset=\"https:\/\/tcgn.store\/wp-content\/uploads\/2026\/04\/Gem-Pack-Vol-5-Simplified-Chinese-Pokemon-PokiPair-Store-Ireland-Card-12-220x300.png 220w, https:\/\/tcgn.store\/wp-content\/uploads\/2026\/04\/Gem-Pack-Vol-5-Simplified-Chinese-Pokemon-PokiPair-Store-Ireland-Card-12-752x1024.png 752w, https:\/\/tcgn.store\/wp-content\/uploads\/2026\/04\/Gem-Pack-Vol-5-Simplified-Chinese-Pokemon-PokiPair-Store-Ireland-Card-12-768x1045.png 768w, https:\/\/tcgn.store\/wp-content\/uploads\/2026\/04\/Gem-Pack-Vol-5-Simplified-Chinese-Pokemon-PokiPair-Store-Ireland-Card-12-600x816.png 600w, https:\/\/tcgn.store\/wp-content\/uploads\/2026\/04\/Gem-Pack-Vol-5-Simplified-Chinese-Pokemon-PokiPair-Store-Ireland-Card-12.png 970w\" sizes=\"auto, (max-width: 220px) 100vw, 220px\" \/> <img loading=\"lazy\" decoding=\"async\" class=\"alignnone size-medium wp-image-518\" src=\"https:\/\/tcgn.store\/wp-content\/uploads\/2026\/04\/Gem-Pack-Vol-5-Simplified-Chinese-Pokemon-PokiPair-Store-Ireland-Card-11-220x300.png\" alt=\"\" width=\"220\" height=\"300\" srcset=\"https:\/\/tcgn.store\/wp-content\/uploads\/2026\/04\/Gem-Pack-Vol-5-Simplified-Chinese-Pokemon-PokiPair-Store-Ireland-Card-11-220x300.png 220w, https:\/\/tcgn.store\/wp-content\/uploads\/2026\/04\/Gem-Pack-Vol-5-Simplified-Chinese-Pokemon-PokiPair-Store-Ireland-Card-11-752x1024.png 752w, https:\/\/tcgn.store\/wp-content\/uploads\/2026\/04\/Gem-Pack-Vol-5-Simplified-Chinese-Pokemon-PokiPair-Store-Ireland-Card-11-768x1045.png 768w, https:\/\/tcgn.store\/wp-content\/uploads\/2026\/04\/Gem-Pack-Vol-5-Simplified-Chinese-Pokemon-PokiPair-Store-Ireland-Card-11-600x816.png 600w, https:\/\/tcgn.store\/wp-content\/uploads\/2026\/04\/Gem-Pack-Vol-5-Simplified-Chinese-Pokemon-PokiPair-Store-Ireland-Card-11.png 970w\" sizes=\"auto, (max-width: 220px) 100vw, 220px\" \/> <img loading=\"lazy\" decoding=\"async\" class=\"alignnone size-medium wp-image-516\" src=\"https:\/\/tcgn.store\/wp-content\/uploads\/2026\/04\/Gem-Pack-Vol-5-Simplified-Chinese-Pokemon-PokiPair-Store-Ireland-Card-17-220x300.png\" alt=\"\" width=\"220\" height=\"300\" srcset=\"https:\/\/tcgn.store\/wp-content\/uploads\/2026\/04\/Gem-Pack-Vol-5-Simplified-Chinese-Pokemon-PokiPair-Store-Ireland-Card-17-220x300.png 220w, https:\/\/tcgn.store\/wp-content\/uploads\/2026\/04\/Gem-Pack-Vol-5-Simplified-Chinese-Pokemon-PokiPair-Store-Ireland-Card-17-752x1024.png 752w, https:\/\/tcgn.store\/wp-content\/uploads\/2026\/04\/Gem-Pack-Vol-5-Simplified-Chinese-Pokemon-PokiPair-Store-Ireland-Card-17-768x1045.png 768w, https:\/\/tcgn.store\/wp-content\/uploads\/2026\/04\/Gem-Pack-Vol-5-Simplified-Chinese-Pokemon-PokiPair-Store-Ireland-Card-17-600x816.png 600w, https:\/\/tcgn.store\/wp-content\/uploads\/2026\/04\/Gem-Pack-Vol-5-Simplified-Chinese-Pokemon-PokiPair-Store-Ireland-Card-17.png 970w\" sizes=\"auto, (max-width: 220px) 100vw, 220px\" \/><\/p>\n<p>Ka\u017cdy z booster\u00f3w zawiera 3 karty Common lub Uncommon i jedn\u0105 w rzadko\u015bci Rare, Double Rare lub Triple Rare.<\/p>\n<p>Produkt kolekcjonerski dla os\u00f3b powy\u017cej 14 roku \u017cycia nieb\u0119d\u0105cy zabawk\u0105, nieprzeznaczony do gry w Europie.<\/p>\n<p>UWAGA: Karty s\u0105 w j\u0119zyku chi\u0144skim.<\/p>\n","protected":false},"excerpt":{"rendered":"<p>Oryginalny Chi\u0144ski produkt Pok\u00e9mon TCG.<\/p>\n<p>W opakowaniu znajdziecie 18 booster\u00f3w z serii Gem Pack Vol. 5.<\/p>\n<p>W ka\u017cdym z booster\u00f3w znajdziecie po 4 karty &#8211; wszystkie w wersjach holo!<\/p>\n<p>Gem Pack Vol. 5 bezpo\u015brednio nawi\u0105zuje do Gem Pack Vol. 1, zawieraj\u0105c a\u017c 4 ekskluzywne dla Chin karty.<\/p>\n<p>Produkt kolekcjonerski dla os\u00f3b powy\u017cej 14 roku \u017cycia nieb\u0119d\u0105cy zabawk\u0105, nieprzeznaczony do gry w Europie.<\/p>\n<p>UWAGA: Karty s\u0105 w j\u0119zyku chi\u0144skim.<\/p>\n<p>&nbsp;<\/p>\n","protected":false},"featured_media":527,"comment_status":"open","ping_status":"closed","template":"","meta":{"_themeisle_gutenberg_block_has_review":false},"pwb-brand":[],"product_brand":[22],"product_cat":[25,26],"product_tag":[],"class_list":{"0":"post-515","1":"product","2":"type-product","3":"status-publish","4":"has-post-thumbnail","6":"product_brand-pokemon-tcg","7":"product_cat-karcianki","8":"product_cat-pokemon-tcg","10":"first","11":"instock","12":"purchasable","13":"product-type-simple"},"yoast_head":"<!-- This site is optimized with the Yoast SEO plugin v27.5 - https:\/\/yoast.com\/product\/yoast-seo-wordpress\/ -->\n<title>Pok\u00e9mon TCG - Gem Pack Vol. 5 Booster Box [CH] - TCGN Store<\/title>\n<meta name=\"description\" content=\"Gem Pack Vol. 5 Booster Box. Oryginalny Chi\u0144ski produkt Pok\u00e9mon TCG.\u00a0W opakowaniu znajdziecie 18 booster\u00f3w z serii Gem Pack Vol. 5\" \/>\n<meta name=\"robots\" content=\"index, follow, max-snippet:-1, max-image-preview:large, max-video-preview:-1\" \/>\n<link rel=\"canonical\" href=\"https:\/\/tcgn.store\/?product=pokemon-tcg-gem-pack-vol-5-booster-box-ch\" \/>\n<meta property=\"og:locale\" content=\"pl_PL\" \/>\n<meta property=\"og:type\" content=\"article\" \/>\n<meta property=\"og:title\" content=\"Pok\u00e9mon TCG - Gem Pack Vol. 5 Booster Box [CH] - TCGN Store\" \/>\n<meta property=\"og:description\" content=\"Gem Pack Vol. 5 Booster Box. Oryginalny Chi\u0144ski produkt Pok\u00e9mon TCG.\u00a0W opakowaniu znajdziecie 18 booster\u00f3w z serii Gem Pack Vol. 5\" \/>\n<meta property=\"og:url\" content=\"https:\/\/tcgn.store\/?product=pokemon-tcg-gem-pack-vol-5-booster-box-ch\" \/>\n<meta property=\"og:site_name\" content=\"TCGN Store\" \/>\n<meta property=\"article:modified_time\" content=\"2026-04-30T16:51:29+00:00\" \/>\n<meta property=\"og:image\" content=\"https:\/\/tcgn.store\/wp-content\/uploads\/2026\/04\/Gem-Pack-Vol-5-Booster-Box.webp\" \/>\n\t<meta property=\"og:image:width\" content=\"498\" \/>\n\t<meta property=\"og:image:height\" content=\"900\" \/>\n\t<meta property=\"og:image:type\" content=\"image\/webp\" \/>\n<meta name=\"twitter:card\" content=\"summary_large_image\" \/>\n<meta name=\"twitter:label1\" content=\"Szacowany czas czytania\" \/>\n\t<meta name=\"twitter:data1\" content=\"3 minuty\" \/>\n<script type=\"application\/ld+json\" class=\"yoast-schema-graph\">{\"@context\":\"https:\\\/\\\/schema.org\",\"@graph\":[{\"@type\":\"WebPage\",\"@id\":\"https:\\\/\\\/tcgn.store\\\/?product=pokemon-tcg-gem-pack-vol-5-booster-box-ch\",\"url\":\"https:\\\/\\\/tcgn.store\\\/?product=pokemon-tcg-gem-pack-vol-5-booster-box-ch\",\"name\":\"Pok\u00e9mon TCG - Gem Pack Vol. 5 Booster Box [CH] - TCGN Store\",\"isPartOf\":{\"@id\":\"https:\\\/\\\/tcgn.store\\\/#website\"},\"primaryImageOfPage\":{\"@id\":\"https:\\\/\\\/tcgn.store\\\/?product=pokemon-tcg-gem-pack-vol-5-booster-box-ch#primaryimage\"},\"image\":{\"@id\":\"https:\\\/\\\/tcgn.store\\\/?product=pokemon-tcg-gem-pack-vol-5-booster-box-ch#primaryimage\"},\"thumbnailUrl\":\"https:\\\/\\\/tcgn.store\\\/wp-content\\\/uploads\\\/2026\\\/04\\\/Gem-Pack-Vol-5-Booster-Box.webp\",\"datePublished\":\"2026-04-30T16:25:51+00:00\",\"dateModified\":\"2026-04-30T16:51:29+00:00\",\"description\":\"Gem Pack Vol. 5 Booster Box. Oryginalny Chi\u0144ski produkt Pok\u00e9mon TCG.\u00a0W opakowaniu znajdziecie 18 booster\u00f3w z serii Gem Pack Vol. 5\",\"breadcrumb\":{\"@id\":\"https:\\\/\\\/tcgn.store\\\/?product=pokemon-tcg-gem-pack-vol-5-booster-box-ch#breadcrumb\"},\"inLanguage\":\"pl-PL\",\"potentialAction\":[{\"@type\":\"ReadAction\",\"target\":[\"https:\\\/\\\/tcgn.store\\\/?product=pokemon-tcg-gem-pack-vol-5-booster-box-ch\"]}]},{\"@type\":\"ImageObject\",\"inLanguage\":\"pl-PL\",\"@id\":\"https:\\\/\\\/tcgn.store\\\/?product=pokemon-tcg-gem-pack-vol-5-booster-box-ch#primaryimage\",\"url\":\"https:\\\/\\\/tcgn.store\\\/wp-content\\\/uploads\\\/2026\\\/04\\\/Gem-Pack-Vol-5-Booster-Box.webp\",\"contentUrl\":\"https:\\\/\\\/tcgn.store\\\/wp-content\\\/uploads\\\/2026\\\/04\\\/Gem-Pack-Vol-5-Booster-Box.webp\",\"width\":498,\"height\":900},{\"@type\":\"BreadcrumbList\",\"@id\":\"https:\\\/\\\/tcgn.store\\\/?product=pokemon-tcg-gem-pack-vol-5-booster-box-ch#breadcrumb\",\"itemListElement\":[{\"@type\":\"ListItem\",\"position\":1,\"name\":\"Strona g\u0142\u00f3wna\",\"item\":\"https:\\\/\\\/tcgn.store\\\/\"},{\"@type\":\"ListItem\",\"position\":2,\"name\":\"Sklep\",\"item\":\"https:\\\/\\\/tcgn.store\\\/?page_id=21\"},{\"@type\":\"ListItem\",\"position\":3,\"name\":\"Pok\u00e9mon TCG &#8211; Gem Pack Vol. 5 Booster Box [CH]\"}]},{\"@type\":\"WebSite\",\"@id\":\"https:\\\/\\\/tcgn.store\\\/#website\",\"url\":\"https:\\\/\\\/tcgn.store\\\/\",\"name\":\"TCGN Store\",\"description\":\"Oficjalny sklep TCGN\",\"potentialAction\":[{\"@type\":\"SearchAction\",\"target\":{\"@type\":\"EntryPoint\",\"urlTemplate\":\"https:\\\/\\\/tcgn.store\\\/?s={search_term_string}\"},\"query-input\":{\"@type\":\"PropertyValueSpecification\",\"valueRequired\":true,\"valueName\":\"search_term_string\"}}],\"inLanguage\":\"pl-PL\"}]}<\/script>\n<!-- \/ Yoast SEO plugin. -->","yoast_head_json":{"title":"Pok\u00e9mon TCG - Gem Pack Vol. 5 Booster Box [CH] - TCGN Store","description":"Gem Pack Vol. 5 Booster Box. Oryginalny Chi\u0144ski produkt Pok\u00e9mon TCG.\u00a0W opakowaniu znajdziecie 18 booster\u00f3w z serii Gem Pack Vol. 5","robots":{"index":"index","follow":"follow","max-snippet":"max-snippet:-1","max-image-preview":"max-image-preview:large","max-video-preview":"max-video-preview:-1"},"canonical":"https:\/\/tcgn.store\/?product=pokemon-tcg-gem-pack-vol-5-booster-box-ch","og_locale":"pl_PL","og_type":"article","og_title":"Pok\u00e9mon TCG - Gem Pack Vol. 5 Booster Box [CH] - TCGN Store","og_description":"Gem Pack Vol. 5 Booster Box. Oryginalny Chi\u0144ski produkt Pok\u00e9mon TCG.\u00a0W opakowaniu znajdziecie 18 booster\u00f3w z serii Gem Pack Vol. 5","og_url":"https:\/\/tcgn.store\/?product=pokemon-tcg-gem-pack-vol-5-booster-box-ch","og_site_name":"TCGN Store","article_modified_time":"2026-04-30T16:51:29+00:00","og_image":[{"width":498,"height":900,"url":"https:\/\/tcgn.store\/wp-content\/uploads\/2026\/04\/Gem-Pack-Vol-5-Booster-Box.webp","type":"image\/webp"}],"twitter_card":"summary_large_image","twitter_misc":{"Szacowany czas czytania":"3 minuty"},"schema":{"@context":"https:\/\/schema.org","@graph":[{"@type":"WebPage","@id":"https:\/\/tcgn.store\/?product=pokemon-tcg-gem-pack-vol-5-booster-box-ch","url":"https:\/\/tcgn.store\/?product=pokemon-tcg-gem-pack-vol-5-booster-box-ch","name":"Pok\u00e9mon TCG - Gem Pack Vol. 5 Booster Box [CH] - TCGN Store","isPartOf":{"@id":"https:\/\/tcgn.store\/#website"},"primaryImageOfPage":{"@id":"https:\/\/tcgn.store\/?product=pokemon-tcg-gem-pack-vol-5-booster-box-ch#primaryimage"},"image":{"@id":"https:\/\/tcgn.store\/?product=pokemon-tcg-gem-pack-vol-5-booster-box-ch#primaryimage"},"thumbnailUrl":"https:\/\/tcgn.store\/wp-content\/uploads\/2026\/04\/Gem-Pack-Vol-5-Booster-Box.webp","datePublished":"2026-04-30T16:25:51+00:00","dateModified":"2026-04-30T16:51:29+00:00","description":"Gem Pack Vol. 5 Booster Box. Oryginalny Chi\u0144ski produkt Pok\u00e9mon TCG.\u00a0W opakowaniu znajdziecie 18 booster\u00f3w z serii Gem Pack Vol. 5","breadcrumb":{"@id":"https:\/\/tcgn.store\/?product=pokemon-tcg-gem-pack-vol-5-booster-box-ch#breadcrumb"},"inLanguage":"pl-PL","potentialAction":[{"@type":"ReadAction","target":["https:\/\/tcgn.store\/?product=pokemon-tcg-gem-pack-vol-5-booster-box-ch"]}]},{"@type":"ImageObject","inLanguage":"pl-PL","@id":"https:\/\/tcgn.store\/?product=pokemon-tcg-gem-pack-vol-5-booster-box-ch#primaryimage","url":"https:\/\/tcgn.store\/wp-content\/uploads\/2026\/04\/Gem-Pack-Vol-5-Booster-Box.webp","contentUrl":"https:\/\/tcgn.store\/wp-content\/uploads\/2026\/04\/Gem-Pack-Vol-5-Booster-Box.webp","width":498,"height":900},{"@type":"BreadcrumbList","@id":"https:\/\/tcgn.store\/?product=pokemon-tcg-gem-pack-vol-5-booster-box-ch#breadcrumb","itemListElement":[{"@type":"ListItem","position":1,"name":"Strona g\u0142\u00f3wna","item":"https:\/\/tcgn.store\/"},{"@type":"ListItem","position":2,"name":"Sklep","item":"https:\/\/tcgn.store\/?page_id=21"},{"@type":"ListItem","position":3,"name":"Pok\u00e9mon TCG &#8211; Gem Pack Vol. 5 Booster Box [CH]"}]},{"@type":"WebSite","@id":"https:\/\/tcgn.store\/#website","url":"https:\/\/tcgn.store\/","name":"TCGN Store","description":"Oficjalny sklep TCGN","potentialAction":[{"@type":"SearchAction","target":{"@type":"EntryPoint","urlTemplate":"https:\/\/tcgn.store\/?s={search_term_string}"},"query-input":{"@type":"PropertyValueSpecification","valueRequired":true,"valueName":"search_term_string"}}],"inLanguage":"pl-PL"}]}},"jetpack_sharing_enabled":true,"brands":[],"_links":{"self":[{"href":"https:\/\/tcgn.store\/index.php?rest_route=\/wp\/v2\/product\/515","targetHints":{"allow":["GET"]}}],"collection":[{"href":"https:\/\/tcgn.store\/index.php?rest_route=\/wp\/v2\/product"}],"about":[{"href":"https:\/\/tcgn.store\/index.php?rest_route=\/wp\/v2\/types\/product"}],"replies":[{"embeddable":true,"href":"https:\/\/tcgn.store\/index.php?rest_route=%2Fwp%2Fv2%2Fcomments&post=515"}],"wp:featuredmedia":[{"embeddable":true,"href":"https:\/\/tcgn.store\/index.php?rest_route=\/wp\/v2\/media\/527"}],"wp:attachment":[{"href":"https:\/\/tcgn.store\/index.php?rest_route=%2Fwp%2Fv2%2Fmedia&parent=515"}],"wp:term":[{"taxonomy":"pwb-brand","embeddable":true,"href":"https:\/\/tcgn.store\/index.php?rest_route=%2Fwp%2Fv2%2Fpwb-brand&post=515"},{"taxonomy":"product_brand","embeddable":true,"href":"https:\/\/tcgn.store\/index.php?rest_route=%2Fwp%2Fv2%2Fproduct_brand&post=515"},{"taxonomy":"product_cat","embeddable":true,"href":"https:\/\/tcgn.store\/index.php?rest_route=%2Fwp%2Fv2%2Fproduct_cat&post=515"},{"taxonomy":"product_tag","embeddable":true,"href":"https:\/\/tcgn.store\/index.php?rest_route=%2Fwp%2Fv2%2Fproduct_tag&post=515"}],"curies":[{"name":"wp","href":"https:\/\/api.w.org\/{rel}","templated":true}]}}